{"id":13,"date":"2016-06-14T14:12:16","date_gmt":"2016-06-14T14:12:16","guid":{"rendered":"http:\/\/www.rchb1.ayz.pl\/pol\/?page_id=13"},"modified":"2018-08-30T21:46:38","modified_gmt":"2018-08-30T21:46:38","slug":"o-nas","status":"publish","type":"page","link":"https:\/\/rchbservices.uk\/pl\/o-nas\/","title":{"rendered":"O nas"},"content":{"rendered":"<p style=\"text-align: justify;\"><img loading=\"lazy\" class=\"size-medium wp-image-313 alignright\" src=\"https:\/\/rchbservices.uk\/pl\/wp-content\/uploads\/2018\/08\/RCHBS-09-NEW-transparent-1056x296-300x84.png\" alt=\"\" width=\"300\" height=\"84\" srcset=\"https:\/\/rchbservices.uk\/pl\/wp-content\/uploads\/2018\/08\/RCHBS-09-NEW-transparent-1056x296-300x84.png 300w, https:\/\/rchbservices.uk\/pl\/wp-content\/uploads\/2018\/08\/RCHBS-09-NEW-transparent-1056x296-768x215.png 768w, https:\/\/rchbservices.uk\/pl\/wp-content\/uploads\/2018\/08\/RCHBS-09-NEW-transparent-1056x296-1024x287.png 1024w, https:\/\/rchbservices.uk\/pl\/wp-content\/uploads\/2018\/08\/RCHBS-09-NEW-transparent-1056x296.png 1056w\" sizes=\"(max-width: 300px) 100vw, 300px\" \/><strong>Right Choice Bookkeeping Services<\/strong> to biuro\u00a0oferuj\u0105ce\u00a0pe\u0142en zakres us\u0142ug ksi\u0119gowych.<\/p>\n<p style=\"text-align: justify;\">Nasza\u00a0dzia\u0142alno\u015b\u0107 jest w pe\u0142ni\u00a0ubezpieczona, daj\u0105c ochron\u0119 naszym klientom; spe\u0142niamy wymogi dotycz\u0105ce ochrony danych osobowych obowi\u0105zujacych w UK.<\/p>\n<p style=\"text-align: justify;\">Naszymi klientami s\u0105 ma\u0142e i \u015brednie firmy z\u00a0ca\u0142ej Anglii, kt\u00f3re reprezentuj\u0105 szerokie spektrum dzia\u0142alno\u015bci gospodarczej.<\/p>\n<h2>Dlaczego warto skorzysta\u0107 z naszych us\u0142ug?<\/h2>\n<p style=\"text-align: justify;\"><span style=\"text-decoration: underline;\">Oferujemy \u017byczliw\u0119 Obs\u0142ug\u0119 Klienta<\/span>&#8211;\u00a0podstaw\u0105 w relacji z klientem jest dla nas zrozumienie sytuacji, doradztwo oraz pomoc w rozwi\u0105zaniu problem\u00f3w. Uwa\u017camy \u017ce to fundament prowadz\u0105cy to do stworzenia d\u0142ugotrwa\u0142ej wsp\u00f3\u0142pracy opartej na wzajemnym zaufaniu.<\/p>\n<p style=\"text-align: justify;\"><span style=\"text-decoration: underline;\">Gwarantujemy Profesjonalnie Wykonan\u0105 Prac\u0119<\/span>&#8211; znajomo\u015b\u0107 przepis\u00f3w podatkowych pozwala nam na prowadzenie ksi\u0119gowo\u015bci firm dzia\u0142aj\u0105cych w r\u00f3\u017cnorodnych bran\u017cach. Doradzaj\u0105c Klientom wykorzystujemy ca\u0142\u0105 nasz\u0105 wiedz\u0119 i do\u015bwiadczenie, tak aby w ka\u017cdej sytuacji wybra\u0107 najkorzystniejsze dla nich rozwi\u0105zanie.<\/p>\n<h2>Oferujemy\u00a0konkurencyjne ceny\u00a0zachowuj\u0105c najwy\u017cszy poziom naszych us\u0142ug:<\/h2>\n<ul>\n<li>Dojazd do klienta\u00a0bez dodatkowych op\u0142at*<\/li>\n<li>Mo\u017cliwo\u015b\u0107\u00a0roz\u0142o\u017cenia op\u0142at na raty\u00a0miesi\u0119czne, lub kwartalne**<\/li>\n<li>Ca\u0142a obs\u0142uga ksi\u0119gowo\u015bci mo\u017ce by\u0107 zorganizowana\u00a0korespondencyjnie<\/li>\n<li>25% zni\u017cki dla Twojej firmy\u00a0za rekomendowanie nowego klienta***<\/li>\n<\/ul>\n<p>* ustalane indywidualnie w zale\u017cno\u015bci od wymaga\u0144 biznesu<br \/>\n** przy op\u0142acie jednorazowej powy\u017cej \u00a3500<br \/>\n*** zni\u017cka jednorazowa<\/p>\n<h2>Nasze certyfikaty:<\/h2>\n<p><img loading=\"lazy\" class=\"alignnone size-full wp-image-99\" src=\"https:\/\/rchbservices.uk\/pl\/wp-content\/uploads\/2016\/06\/c3.png\" alt=\"\" width=\"152\" height=\"160\" \/><\/p>\n","protected":false},"excerpt":{"rendered":"<p>Right Choice Bookkeeping Services to biuro\u00a0oferuj\u0105ce\u00a0pe\u0142en zakres us\u0142ug ksi\u0119gowych. Nasza\u00a0dzia\u0142alno\u015b\u0107 jest w pe\u0142ni\u00a0ubezpieczona, daj\u0105c ochron\u0119 naszym klientom; spe\u0142niamy wymogi dotycz\u0105ce ochrony danych osobowych obowi\u0105zujacych w UK. Naszymi klientami s\u0105 ma\u0142e i \u015brednie firmy z\u00a0ca\u0142ej Anglii, kt\u00f3re reprezentuj\u0105 szerokie spektrum dzia\u0142alno\u015bci gospodarczej. Dlaczego warto skorzysta\u0107 z naszych us\u0142ug? Oferujemy \u017byczliw\u0119 Obs\u0142ug\u0119 Klienta&#8211;\u00a0podstaw\u0105 w relacji z klientem jest dla nas zrozumienie sytuacji, doradztwo oraz pomoc w rozwi\u0105zaniu problem\u00f3w. Uwa\u017camy \u017ce to fundament prowadz\u0105cy to do stworzenia d\u0142ugotrwa\u0142ej wsp\u00f3\u0142pracy opartej na wzajemnym zaufaniu. Gwarantujemy Profesjonalnie Wykonan\u0105 Prac\u0119&#8211; znajomo\u015b\u0107 przepis\u00f3w podatkowych pozwala nam na prowadzenie ksi\u0119gowo\u015bci firm dzia\u0142aj\u0105cych w r\u00f3\u017cnorodnych bran\u017cach. Doradzaj\u0105c Klientom wykorzystujemy ca\u0142\u0105 nasz\u0105 wiedz\u0119 i do\u015bwiadczenie, tak aby w ka\u017cdej sytuacji wybra\u0107 najkorzystniejsze dla nich rozwi\u0105zanie. Oferujemy\u00a0konkurencyjne ceny\u00a0zachowuj\u0105c najwy\u017cszy poziom naszych us\u0142ug: Dojazd do klienta\u00a0bez dodatkowych op\u0142at* Mo\u017cliwo\u015b\u0107\u00a0roz\u0142o\u017cenia op\u0142at na raty\u00a0miesi\u0119czne, lub kwartalne** Ca\u0142a obs\u0142uga ksi\u0119gowo\u015bci mo\u017ce by\u0107 zorganizowana\u00a0korespondencyjnie 25% zni\u017cki dla Twojej firmy\u00a0za rekomendowanie nowego klienta*** * ustalane indywidualnie w zale\u017cno\u015bci od wymaga\u0144 biznesu ** przy op\u0142acie jednorazowej powy\u017cej \u00a3500 *** zni\u017cka jednorazowa Nasze certyfikaty:<\/p>\n","protected":false},"author":3,"featured_media":0,"parent":0,"menu_order":0,"comment_status":"closed","ping_status":"closed","template":"","meta":[],"yoast_head":"<!-- This site is optimized with the Yoast SEO plugin v15.6.2 - https:\/\/yoast.com\/wordpress\/plugins\/seo\/ -->\n<title>O nas &#8902; Right Choice Bookkeeping Services - Polska Ksi\u0119gowa Newcastle<\/title>\n<meta name=\"robots\" content=\"index, follow, max-snippet:-1, max-image-preview:large, max-video-preview:-1\" \/>\n<link rel=\"canonical\" href=\"https:\/\/rchbservices.uk\/pl\/o-nas\/\" \/>\n<meta property=\"og:locale\" content=\"pl_PL\" \/>\n<meta property=\"og:type\" content=\"article\" \/>\n<meta property=\"og:title\" content=\"O nas &#8902; Right Choice Bookkeeping Services - Polska Ksi\u0119gowa Newcastle\" \/>\n<meta property=\"og:description\" content=\"Right Choice Bookkeeping Services to biuro\u00a0oferuj\u0105ce\u00a0pe\u0142en zakres us\u0142ug ksi\u0119gowych. Nasza\u00a0dzia\u0142alno\u015b\u0107 jest w pe\u0142ni\u00a0ubezpieczona, daj\u0105c ochron\u0119 naszym klientom; spe\u0142niamy wymogi dotycz\u0105ce ochrony danych osobowych obowi\u0105zujacych w UK. Naszymi klientami s\u0105 ma\u0142e i \u015brednie firmy z\u00a0ca\u0142ej Anglii, kt\u00f3re reprezentuj\u0105 szerokie spektrum dzia\u0142alno\u015bci gospodarczej. Dlaczego warto skorzysta\u0107 z naszych us\u0142ug? Oferujemy \u017byczliw\u0119 Obs\u0142ug\u0119 Klienta&#8211;\u00a0podstaw\u0105 w relacji z klientem jest dla nas zrozumienie sytuacji, doradztwo oraz pomoc w rozwi\u0105zaniu problem\u00f3w. Uwa\u017camy \u017ce to fundament prowadz\u0105cy to do stworzenia d\u0142ugotrwa\u0142ej wsp\u00f3\u0142pracy opartej na wzajemnym zaufaniu. Gwarantujemy Profesjonalnie Wykonan\u0105 Prac\u0119&#8211; znajomo\u015b\u0107 przepis\u00f3w podatkowych pozwala nam na prowadzenie ksi\u0119gowo\u015bci firm dzia\u0142aj\u0105cych w r\u00f3\u017cnorodnych bran\u017cach. Doradzaj\u0105c Klientom wykorzystujemy ca\u0142\u0105 nasz\u0105 wiedz\u0119 i do\u015bwiadczenie, tak aby w ka\u017cdej sytuacji wybra\u0107 najkorzystniejsze dla nich rozwi\u0105zanie. Oferujemy\u00a0konkurencyjne ceny\u00a0zachowuj\u0105c najwy\u017cszy poziom naszych us\u0142ug: Dojazd do klienta\u00a0bez dodatkowych op\u0142at* Mo\u017cliwo\u015b\u0107\u00a0roz\u0142o\u017cenia op\u0142at na raty\u00a0miesi\u0119czne, lub kwartalne** Ca\u0142a obs\u0142uga ksi\u0119gowo\u015bci mo\u017ce by\u0107 zorganizowana\u00a0korespondencyjnie 25% zni\u017cki dla Twojej firmy\u00a0za rekomendowanie nowego klienta*** * ustalane indywidualnie w zale\u017cno\u015bci od wymaga\u0144 biznesu ** przy op\u0142acie jednorazowej powy\u017cej \u00a3500 *** zni\u017cka jednorazowa Nasze certyfikaty:\" \/>\n<meta property=\"og:url\" content=\"https:\/\/rchbservices.uk\/pl\/o-nas\/\" \/>\n<meta property=\"og:site_name\" content=\"Right Choice Bookkeeping Services - Polska Ksi\u0119gowa Newcastle\" \/>\n<meta property=\"article:publisher\" content=\"https:\/\/www.facebook.com\/rchbservices.uk\/\" \/>\n<meta property=\"article:modified_time\" content=\"2018-08-30T21:46:38+00:00\" \/>\n<meta property=\"og:image\" content=\"https:\/\/rchbservices.uk\/pl\/wp-content\/uploads\/2018\/08\/RCHBS-09-NEW-transparent-1056x296-300x84.png\" \/>\n<meta name=\"twitter:card\" content=\"summary\" \/>\n<meta name=\"twitter:label1\" content=\"Est. reading time\">\n\t<meta name=\"twitter:data1\" content=\"1 minuta\">\n<script type=\"application\/ld+json\" class=\"yoast-schema-graph\">{\"@context\":\"https:\/\/schema.org\",\"@graph\":[{\"@type\":\"WebSite\",\"@id\":\"https:\/\/rchbservices.uk\/pl\/#website\",\"url\":\"https:\/\/rchbservices.uk\/pl\/\",\"name\":\"Right Choice Bookkeeping Services - Polska Ksi\\u0119gowa Newcastle\",\"description\":\"Right Choice Bookkeeping Services to polskie w Newcastle biuro rachunkowe oferuj\\u0105ce pe\\u0142en zakres us\\u0142ug ksi\\u0119gowych. Jeste\\u015bmy autoryzowanym agentem HMRC \\u2013 angielskiego urz\\u0119du skarbowego; nasza dzia\\u0142alno\\u015b\\u0107 jest w pe\\u0142ni ubezpieczona daj\\u0105c ochron\\u0119 naszym klientom; spe\\u0142niamy wymogi dotycz\\u0105ce ochrony danych osobowych obowi\\u0105zujacych w UK. Naszymi klientami s\\u0105 ma\\u0142e i \\u015brednie firmy z ca\\u0142ej Anglii, kt\\u00f3rzy reprezentuj\\u0105 szerokie spektrum dzia\\u0142alno\\u015bci gospodarczej.\",\"potentialAction\":[{\"@type\":\"SearchAction\",\"target\":\"https:\/\/rchbservices.uk\/pl\/?s={search_term_string}\",\"query-input\":\"required name=search_term_string\"}],\"inLanguage\":\"pl-PL\"},{\"@type\":\"ImageObject\",\"@id\":\"https:\/\/rchbservices.uk\/pl\/o-nas\/#primaryimage\",\"inLanguage\":\"pl-PL\",\"url\":\"https:\/\/rchbservices.uk\/pl\/wp-content\/uploads\/2018\/08\/RCHBS-09-NEW-transparent-1056x296-300x84.png\"},{\"@type\":\"WebPage\",\"@id\":\"https:\/\/rchbservices.uk\/pl\/o-nas\/#webpage\",\"url\":\"https:\/\/rchbservices.uk\/pl\/o-nas\/\",\"name\":\"O nas &#8902; Right Choice Bookkeeping Services - Polska Ksi\\u0119gowa Newcastle\",\"isPartOf\":{\"@id\":\"https:\/\/rchbservices.uk\/pl\/#website\"},\"primaryImageOfPage\":{\"@id\":\"https:\/\/rchbservices.uk\/pl\/o-nas\/#primaryimage\"},\"datePublished\":\"2016-06-14T14:12:16+00:00\",\"dateModified\":\"2018-08-30T21:46:38+00:00\",\"inLanguage\":\"pl-PL\",\"potentialAction\":[{\"@type\":\"ReadAction\",\"target\":[\"https:\/\/rchbservices.uk\/pl\/o-nas\/\"]}]}]}<\/script>\n<!-- \/ Yoast SEO plugin. -->","_links":{"self":[{"href":"https:\/\/rchbservices.uk\/pl\/wp-json\/wp\/v2\/pages\/13"}],"collection":[{"href":"https:\/\/rchbservices.uk\/pl\/wp-json\/wp\/v2\/pages"}],"about":[{"href":"https:\/\/rchbservices.uk\/pl\/wp-json\/wp\/v2\/types\/page"}],"author":[{"embeddable":true,"href":"https:\/\/rchbservices.uk\/pl\/wp-json\/wp\/v2\/users\/3"}],"replies":[{"embeddable":true,"href":"https:\/\/rchbservices.uk\/pl\/wp-json\/wp\/v2\/comments?post=13"}],"version-history":[{"count":28,"href":"https:\/\/rchbservices.uk\/pl\/wp-json\/wp\/v2\/pages\/13\/revisions"}],"predecessor-version":[{"id":28,"href":"https:\/\/rchbservices.uk\/pl\/wp-json\/wp\/v2\/pages\/13\/revisions\/28"}],"wp:attachment":[{"href":"https:\/\/rchbservices.uk\/pl\/wp-json\/wp\/v2\/media?parent=13"}],"curies":[{"name":"wp","href":"https:\/\/api.w.org\/{rel}","templated":true}]}}