{"id":18,"date":"2016-06-14T14:15:06","date_gmt":"2016-06-14T14:15:06","guid":{"rendered":"http:\/\/www.rchb1.ayz.pl\/pol\/?page_id=18"},"modified":"2021-01-21T18:09:09","modified_gmt":"2021-01-21T18:09:09","slug":"cennik","status":"publish","type":"page","link":"https:\/\/rchbservices.uk\/pl\/cennik\/","title":{"rendered":"Cennik"},"content":{"rendered":"<h2>Rejestracje<\/h2>\n<ul>\n<li>Self Employed\/Sole Trader &#8211; <strong>\u00a330<\/strong><\/li>\n<li>Self Employed\/Sole Trader wyrejestrowanie &#8211; <strong>\u00a330<\/strong><\/li>\n<li>Limited Company \u00a3100 (zawiera rejestracj\u0119 na Corporation Tax, rejestracj\u0119 w Companies House, rejestracj\u0119 1 dyrektora na self-assessment, PAYE Dyrektora)<\/li>\n<li>Zamkni\u0119cie Firmy LTD &#8211;<strong> cena indywidualna<\/strong><\/li>\n<li>Nowego Pracodawcy PAYE &#8211;<strong> \u00a330<\/strong><\/li>\n<\/ul>\n<h2>Vat<\/h2>\n<ul>\n<li>Vat rejestracja &#8211; <strong>\u00a330<\/strong><\/li>\n<li>Vat wyrejestrowanie &#8211; <strong>\u00a330<\/strong><\/li>\n<li>Kwartalne rozliczenie &#8211; <strong>\u00a3100<\/strong><\/li>\n<li>Rozliczenie miesi\u0119czne &#8211; <strong>\u00a320<\/strong> (przy ksi\u0119gowo\u015bci miesi\u0119cznej)<\/li>\n<\/ul>\n<h2>Rozliczenie Self Employed\/Sole Trader roczne Tax return<\/h2>\n<ul>\n<li>Obr\u00f3t zerowy &#8211; <strong>\u00a350<\/strong><\/li>\n<li>Obr\u00f3t do \u00a310000 &#8211; <strong>\u00a3100 <\/strong><\/li>\n<li>Obr\u00f3t do \u00a318000 &#8211;<strong> \u00a3150<\/strong><\/li>\n<li>Obr\u00f3t do \u00a325000 &#8211; <strong>\u00a3200<\/strong><\/li>\n<li>Obr\u00f3t do \u00a335000 &#8211; <strong>\u00a3250<\/strong><\/li>\n<li>Powy\u017cej \u00a335000 &#8211;<strong> cena indywidualna<\/strong><\/li>\n<\/ul>\n<h2>Rozliczenie Partnership<\/h2>\n<ul>\n<li>Cena jak za self-employed\/sole trader + <strong>\u00a330<\/strong> za ka\u017cdego partnera w sp\u00f3\u0142ce<\/li>\n<\/ul>\n<h2>Zwrot Nadp\u0142aconego podatku z p60\/p45<\/h2>\n<p>Cena ustalana idywidualnie<\/p>\n<h2>Ksi\u0119gowo\u015b\u0107 Miesi\u0119czna<\/h2>\n<p>SELF EMPLOYED\/SOLE TRADER<\/p>\n<ul>\n<li>Do 20 faktur &#8211; <strong>\u00a330<\/strong><\/li>\n<li>Od 25 do 35 faktur &#8211; <strong>\u00a340<\/strong><\/li>\n<li>Do 50 faktur &#8211; <strong>\u00a350<\/strong><\/li>\n<li>50 faktur plus &#8211; <strong>cena indywidualna<\/strong><br \/>\nPowy\u017csze ceny zawieraj\u0105 self-assessment, miesi\u0119czne raport oraz konsultacje na \u017cyczenie<\/li>\n<\/ul>\n<h2>Partnership<\/h2>\n<ul>\n<li>Do 20 faktur &#8211; <strong>\u00a340<\/strong><\/li>\n<li>Od 25 do 35 faktur &#8211; <strong>\u00a350<\/strong><\/li>\n<li>Do 50 faktur &#8211; <strong>\u00a360<\/strong><\/li>\n<li>50 faktur plus &#8211; <strong>cena indywidualna<\/strong><br \/>\nPowy\u017csze ceny zawieraj\u0105 self-assessment parnter\u00f3w, tax -return partnership, miesi\u0119czne raport oraz konsultacje na \u017cyczenie<\/li>\n<\/ul>\n<h2>Limited Company<\/h2>\n<ul>\n<li>Annual return &#8211; <strong>\u00a330<\/strong> (raz do roku)<\/li>\n<li>Corporation Tax &#8211; <strong>cena indywidualna<\/strong><\/li>\n<\/ul>\n<p>KSI\u0118GOWO\u015a\u0106 MIESI\u0118CZNA LTD<br \/>\nDo 30 faktur &#8211; <strong>\u00a380<\/strong><br \/>\nOd 30-50 faktur &#8211; <strong>\u00a3100<\/strong><br \/>\nPowyzej 50 faktur &#8211; <strong>cena indywidualna<\/strong><br \/>\nCeny zawieraj\u0105 annual return, CT, self-assessment dyrektora, oraz payroll dyrektora<\/p>\n<h2>Payroll<\/h2>\n<ul>\n<li>Od 1 do 5 pracownik\u00f3 &#8211; payslip raz w miesi\u0105cu &#8211; <strong>\u00a320<\/strong><\/li>\n<li>Do 5 pracownik\u00f3w payslip raz w miesi\u0105cu &#8211; <strong>\u00a340<\/strong><\/li>\n<li>Od 5 do 10 pracownik\u00f3w payslip raz w miesi\u0105cu &#8211; <strong>\u00a360<\/strong><\/li>\n<\/ul>\n<h2>Konsultacje<\/h2>\n<ul>\n<li>Self-employed\/sole trader &#8211; <strong>\u00a330<\/strong><\/li>\n<li>Limited Company &#8211;<strong> \u00a355<\/strong><\/li>\n<\/ul>\n<h2>CIS<\/h2>\n<ul>\n<li>Miesi\u0119czna deklaracja CIS (zerowa) &#8211; <strong>\u00a320<\/strong><\/li>\n<li>Miesi\u0119czna deklaracja CIS &#8211; <strong>\u00a330<\/strong><\/li>\n<\/ul>\n<h2>Inne us\u0142ugi<\/h2>\n<ul>\n<li>Telefon do urzedu &#8211; <strong>\u00a320<\/strong><\/li>\n<li>Employment history &#8211; <strong>\u00a320<\/strong><\/li>\n<li>Zmiana adresu w urz\u0119dzie &#8211; <strong>\u00a320<\/strong><\/li>\n<li>Listy do urz\u0119d\u00f3w &#8211; <strong>\u00a320<\/strong><\/li>\n<li>Um\u00f3wienie spotkania NIN &#8211;<strong> \u00a320<\/strong><\/li>\n<li>Konto bankowe online &#8211; <strong>\u00a330<\/strong><\/li>\n<li>Kalkulacja ubezpieczen &#8211; <strong>\u00a330<\/strong><\/li>\n<li>T\u0142umacz w urz\u0119dzie \u2013 <strong>cena indywidualna<\/strong><\/li>\n<\/ul>\n<h2>Benefity<\/h2>\n<ul>\n<li>Kalkulacja benefitow <strong>\u00a320<\/strong> lub jest darmowa w przypadku wype\u0142nienia formularza w tym samym dniu (na tym samym spotkaniu)<\/li>\n<li>WTC (Working Tax Credit) <strong>\u00a320<\/strong><\/li>\n<li>CTC (Child Tax Credit)<strong> \u00a320<\/strong><\/li>\n<li>Universal Credit <strong>\u00a340<\/strong> (weryfikacja personalna<strong> \u00a320<\/strong>)<\/li>\n<li>Child benefit <strong>\u00a340<\/strong><\/li>\n<li>Housing Benefit <strong>\u00a360<\/strong><\/li>\n<li>Income Support <strong>\u00a340<\/strong><\/li>\n<li>Maternity allowance <strong>\u00a340<\/strong><\/li>\n<li>Pozosta\u0142e formularze indywidualnie<\/li>\n<\/ul>\n","protected":false},"excerpt":{"rendered":"<p>Rejestracje Self Employed\/Sole Trader &#8211; \u00a330 Self Employed\/Sole Trader wyrejestrowanie &#8211; \u00a330 Limited Company \u00a3100 (zawiera rejestracj\u0119 na Corporation Tax, rejestracj\u0119 w Companies House, rejestracj\u0119 1 dyrektora na self-assessment, PAYE Dyrektora) Zamkni\u0119cie Firmy LTD &#8211; cena indywidualna Nowego Pracodawcy PAYE &#8211; \u00a330 Vat Vat rejestracja &#8211; \u00a330 Vat wyrejestrowanie &#8211; \u00a330 Kwartalne rozliczenie &#8211; \u00a3100 Rozliczenie miesi\u0119czne &#8211; \u00a320 (przy ksi\u0119gowo\u015bci miesi\u0119cznej) Rozliczenie Self Employed\/Sole Trader roczne Tax return Obr\u00f3t zerowy &#8211; \u00a350 Obr\u00f3t do \u00a310000 &#8211; \u00a3100 Obr\u00f3t do \u00a318000 &#8211; \u00a3150 Obr\u00f3t do \u00a325000 &#8211; \u00a3200 Obr\u00f3t do \u00a335000 &#8211; \u00a3250 Powy\u017cej \u00a335000 &#8211; cena indywidualna Rozliczenie Partnership Cena jak za self-employed\/sole trader + \u00a330 za ka\u017cdego partnera w sp\u00f3\u0142ce Zwrot Nadp\u0142aconego podatku z p60\/p45 Cena ustalana idywidualnie Ksi\u0119gowo\u015b\u0107 Miesi\u0119czna SELF EMPLOYED\/SOLE TRADER Do 20 faktur &#8211; \u00a330 Od 25 do 35 faktur &#8211; \u00a340 Do 50 faktur &#8211; \u00a350 50 faktur plus &#8211; cena indywidualna Powy\u017csze ceny zawieraj\u0105 self-assessment, miesi\u0119czne raport oraz konsultacje na \u017cyczenie Partnership Do 20 faktur &#8211; \u00a340 Od 25 do 35 faktur &#8211; \u00a350 Do 50 faktur &#8211; \u00a360 50 faktur plus &#8211; cena indywidualna Powy\u017csze ceny zawieraj\u0105 self-assessment parnter\u00f3w, tax -return partnership, miesi\u0119czne raport oraz konsultacje na \u017cyczenie Limited Company Annual return &#8211; \u00a330 (raz do roku) Corporation Tax &#8211; cena indywidualna KSI\u0118GOWO\u015a\u0106 MIESI\u0118CZNA LTD Do 30 faktur &#8211; \u00a380 Od 30-50 faktur &#8211; \u00a3100 Powyzej 50 faktur &#8211; cena indywidualna Ceny zawieraj\u0105 annual return, CT, self-assessment dyrektora, oraz payroll dyrektora Payroll Od 1 do 5 pracownik\u00f3 &#8211; payslip raz w miesi\u0105cu &#8211; \u00a320 Do 5 pracownik\u00f3w payslip raz w miesi\u0105cu &#8211; \u00a340 Od 5 do 10 pracownik\u00f3w payslip raz w miesi\u0105cu &#8211; \u00a360 Konsultacje Self-employed\/sole trader &#8211; \u00a330 Limited Company &#8211; \u00a355 CIS Miesi\u0119czna deklaracja CIS (zerowa) &#8211; \u00a320 Miesi\u0119czna deklaracja CIS &#8211; \u00a330 Inne us\u0142ugi Telefon do urzedu &#8211; \u00a320 Employment history &#8211; \u00a320 Zmiana adresu w urz\u0119dzie &#8211; \u00a320 Listy do urz\u0119d\u00f3w &#8211; \u00a320 Um\u00f3wienie spotkania NIN &#8211; \u00a320 Konto bankowe online &#8211; \u00a330 Kalkulacja ubezpieczen &#8211; \u00a330 T\u0142umacz w urz\u0119dzie \u2013 cena indywidualna Benefity Kalkulacja benefitow \u00a320 lub jest darmowa w przypadku wype\u0142nienia formularza w tym samym dniu (na tym samym spotkaniu) WTC (Working Tax Credit) \u00a320 CTC (Child Tax Credit) \u00a320 Universal Credit \u00a340 (weryfikacja personalna \u00a320) Child benefit \u00a340 Housing Benefit \u00a360 Income Support \u00a340 Maternity allowance \u00a340 Pozosta\u0142e formularze indywidualnie<\/p>\n","protected":false},"author":3,"featured_media":0,"parent":0,"menu_order":0,"comment_status":"closed","ping_status":"closed","template":"","meta":[],"yoast_head":"<!-- This site is optimized with the Yoast SEO plugin v15.6.2 - https:\/\/yoast.com\/wordpress\/plugins\/seo\/ -->\n<title>Cennik &#8902; Right Choice Bookkeeping Services - Polska Ksi\u0119gowa Newcastle<\/title>\n<meta name=\"robots\" content=\"index, follow, max-snippet:-1, max-image-preview:large, max-video-preview:-1\" \/>\n<link rel=\"canonical\" href=\"https:\/\/rchbservices.uk\/pl\/cennik\/\" \/>\n<meta property=\"og:locale\" content=\"pl_PL\" \/>\n<meta property=\"og:type\" content=\"article\" \/>\n<meta property=\"og:title\" content=\"Cennik &#8902; Right Choice Bookkeeping Services - Polska Ksi\u0119gowa Newcastle\" \/>\n<meta property=\"og:description\" content=\"Rejestracje Self Employed\/Sole Trader &#8211; \u00a330 Self Employed\/Sole Trader wyrejestrowanie &#8211; \u00a330 Limited Company \u00a3100 (zawiera rejestracj\u0119 na Corporation Tax, rejestracj\u0119 w Companies House, rejestracj\u0119 1 dyrektora na self-assessment, PAYE Dyrektora) Zamkni\u0119cie Firmy LTD &#8211; cena indywidualna Nowego Pracodawcy PAYE &#8211; \u00a330 Vat Vat rejestracja &#8211; \u00a330 Vat wyrejestrowanie &#8211; \u00a330 Kwartalne rozliczenie &#8211; \u00a3100 Rozliczenie miesi\u0119czne &#8211; \u00a320 (przy ksi\u0119gowo\u015bci miesi\u0119cznej) Rozliczenie Self Employed\/Sole Trader roczne Tax return Obr\u00f3t zerowy &#8211; \u00a350 Obr\u00f3t do \u00a310000 &#8211; \u00a3100 Obr\u00f3t do \u00a318000 &#8211; \u00a3150 Obr\u00f3t do \u00a325000 &#8211; \u00a3200 Obr\u00f3t do \u00a335000 &#8211; \u00a3250 Powy\u017cej \u00a335000 &#8211; cena indywidualna Rozliczenie Partnership Cena jak za self-employed\/sole trader + \u00a330 za ka\u017cdego partnera w sp\u00f3\u0142ce Zwrot Nadp\u0142aconego podatku z p60\/p45 Cena ustalana idywidualnie Ksi\u0119gowo\u015b\u0107 Miesi\u0119czna SELF EMPLOYED\/SOLE TRADER Do 20 faktur &#8211; \u00a330 Od 25 do 35 faktur &#8211; \u00a340 Do 50 faktur &#8211; \u00a350 50 faktur plus &#8211; cena indywidualna Powy\u017csze ceny zawieraj\u0105 self-assessment, miesi\u0119czne raport oraz konsultacje na \u017cyczenie Partnership Do 20 faktur &#8211; \u00a340 Od 25 do 35 faktur &#8211; \u00a350 Do 50 faktur &#8211; \u00a360 50 faktur plus &#8211; cena indywidualna Powy\u017csze ceny zawieraj\u0105 self-assessment parnter\u00f3w, tax -return partnership, miesi\u0119czne raport oraz konsultacje na \u017cyczenie Limited Company Annual return &#8211; \u00a330 (raz do roku) Corporation Tax &#8211; cena indywidualna KSI\u0118GOWO\u015a\u0106 MIESI\u0118CZNA LTD Do 30 faktur &#8211; \u00a380 Od 30-50 faktur &#8211; \u00a3100 Powyzej 50 faktur &#8211; cena indywidualna Ceny zawieraj\u0105 annual return, CT, self-assessment dyrektora, oraz payroll dyrektora Payroll Od 1 do 5 pracownik\u00f3 &#8211; payslip raz w miesi\u0105cu &#8211; \u00a320 Do 5 pracownik\u00f3w payslip raz w miesi\u0105cu &#8211; \u00a340 Od 5 do 10 pracownik\u00f3w payslip raz w miesi\u0105cu &#8211; \u00a360 Konsultacje Self-employed\/sole trader &#8211; \u00a330 Limited Company &#8211; \u00a355 CIS Miesi\u0119czna deklaracja CIS (zerowa) &#8211; \u00a320 Miesi\u0119czna deklaracja CIS &#8211; \u00a330 Inne us\u0142ugi Telefon do urzedu &#8211; \u00a320 Employment history &#8211; \u00a320 Zmiana adresu w urz\u0119dzie &#8211; \u00a320 Listy do urz\u0119d\u00f3w &#8211; \u00a320 Um\u00f3wienie spotkania NIN &#8211; \u00a320 Konto bankowe online &#8211; \u00a330 Kalkulacja ubezpieczen &#8211; \u00a330 T\u0142umacz w urz\u0119dzie \u2013 cena indywidualna Benefity Kalkulacja benefitow \u00a320 lub jest darmowa w przypadku wype\u0142nienia formularza w tym samym dniu (na tym samym spotkaniu) WTC (Working Tax Credit) \u00a320 CTC (Child Tax Credit) \u00a320 Universal Credit \u00a340 (weryfikacja personalna \u00a320) Child benefit \u00a340 Housing Benefit \u00a360 Income Support \u00a340 Maternity allowance \u00a340 Pozosta\u0142e formularze indywidualnie\" \/>\n<meta property=\"og:url\" content=\"https:\/\/rchbservices.uk\/pl\/cennik\/\" \/>\n<meta property=\"og:site_name\" content=\"Right Choice Bookkeeping Services - Polska Ksi\u0119gowa Newcastle\" \/>\n<meta property=\"article:publisher\" content=\"https:\/\/www.facebook.com\/rchbservices.uk\/\" \/>\n<meta property=\"article:modified_time\" content=\"2021-01-21T18:09:09+00:00\" \/>\n<meta name=\"twitter:card\" content=\"summary\" \/>\n<meta name=\"twitter:label1\" content=\"Est. reading time\">\n\t<meta name=\"twitter:data1\" content=\"2 minuty\">\n<script type=\"application\/ld+json\" class=\"yoast-schema-graph\">{\"@context\":\"https:\/\/schema.org\",\"@graph\":[{\"@type\":\"WebSite\",\"@id\":\"https:\/\/rchbservices.uk\/pl\/#website\",\"url\":\"https:\/\/rchbservices.uk\/pl\/\",\"name\":\"Right Choice Bookkeeping Services - Polska Ksi\\u0119gowa Newcastle\",\"description\":\"Right Choice Bookkeeping Services to polskie w Newcastle biuro rachunkowe oferuj\\u0105ce pe\\u0142en zakres us\\u0142ug ksi\\u0119gowych. Jeste\\u015bmy autoryzowanym agentem HMRC \\u2013 angielskiego urz\\u0119du skarbowego; nasza dzia\\u0142alno\\u015b\\u0107 jest w pe\\u0142ni ubezpieczona daj\\u0105c ochron\\u0119 naszym klientom; spe\\u0142niamy wymogi dotycz\\u0105ce ochrony danych osobowych obowi\\u0105zujacych w UK. Naszymi klientami s\\u0105 ma\\u0142e i \\u015brednie firmy z ca\\u0142ej Anglii, kt\\u00f3rzy reprezentuj\\u0105 szerokie spektrum dzia\\u0142alno\\u015bci gospodarczej.\",\"potentialAction\":[{\"@type\":\"SearchAction\",\"target\":\"https:\/\/rchbservices.uk\/pl\/?s={search_term_string}\",\"query-input\":\"required name=search_term_string\"}],\"inLanguage\":\"pl-PL\"},{\"@type\":\"WebPage\",\"@id\":\"https:\/\/rchbservices.uk\/pl\/cennik\/#webpage\",\"url\":\"https:\/\/rchbservices.uk\/pl\/cennik\/\",\"name\":\"Cennik &#8902; Right Choice Bookkeeping Services - Polska Ksi\\u0119gowa Newcastle\",\"isPartOf\":{\"@id\":\"https:\/\/rchbservices.uk\/pl\/#website\"},\"datePublished\":\"2016-06-14T14:15:06+00:00\",\"dateModified\":\"2021-01-21T18:09:09+00:00\",\"inLanguage\":\"pl-PL\",\"potentialAction\":[{\"@type\":\"ReadAction\",\"target\":[\"https:\/\/rchbservices.uk\/pl\/cennik\/\"]}]}]}<\/script>\n<!-- \/ Yoast SEO plugin. -->","_links":{"self":[{"href":"https:\/\/rchbservices.uk\/pl\/wp-json\/wp\/v2\/pages\/18"}],"collection":[{"href":"https:\/\/rchbservices.uk\/pl\/wp-json\/wp\/v2\/pages"}],"about":[{"href":"https:\/\/rchbservices.uk\/pl\/wp-json\/wp\/v2\/types\/page"}],"author":[{"embeddable":true,"href":"https:\/\/rchbservices.uk\/pl\/wp-json\/wp\/v2\/users\/3"}],"replies":[{"embeddable":true,"href":"https:\/\/rchbservices.uk\/pl\/wp-json\/wp\/v2\/comments?post=18"}],"version-history":[{"count":8,"href":"https:\/\/rchbservices.uk\/pl\/wp-json\/wp\/v2\/pages\/18\/revisions"}],"predecessor-version":[{"id":345,"href":"https:\/\/rchbservices.uk\/pl\/wp-json\/wp\/v2\/pages\/18\/revisions\/345"}],"wp:attachment":[{"href":"https:\/\/rchbservices.uk\/pl\/wp-json\/wp\/v2\/media?parent=18"}],"curies":[{"name":"wp","href":"https:\/\/api.w.org\/{rel}","templated":true}]}}