{"id":20,"date":"2016-06-14T14:15:21","date_gmt":"2016-06-14T14:15:21","guid":{"rendered":"http:\/\/www.rchb1.ayz.pl\/pol\/?page_id=20"},"modified":"2022-06-27T15:33:27","modified_gmt":"2022-06-27T15:33:27","slug":"kontakt","status":"publish","type":"page","link":"https:\/\/rchbservices.uk\/pl\/kontakt\/","title":{"rendered":"Kontakt"},"content":{"rendered":"<p style=\"text-align: center;\"><span style=\"font-size: 14pt;\"><strong>Right Choice Bookkeeping Services<\/strong><\/span><\/p>\n<table style=\"width: 100%; border-collapse: collapse; border-style: solid; border-color: #FFFFFF;\" border=\"1\">\n<tbody>\n<tr style=\"height: 66px;\">\n<td style=\"width: 44.867549668874176%; text-align: right; height: 66px; border-style: solid; border-color: #ffffff;\"><img loading=\"lazy\" class=\"alignnone size-full wp-image-359\" src=\"https:\/\/rchbservices.uk\/en\/wp-content\/uploads\/2018\/07\/house.png\" alt=\"\" width=\"32\" height=\"32\" \/><\/td>\n<td style=\"width: 5.132450331125828%; text-align: right; height: 66px; border-style: solid; border-color: #ffffff;\"><\/td>\n<td style=\"width: 50%; height: 66px; border-style: solid; border-color: #ffffff;\">84 Presthope Road,<br \/>\nSR4 9DS<br \/>\nSunderland<\/td>\n<\/tr>\n<tr style=\"height: 24px;\">\n<td style=\"width: 44.867549668874176%; height: 24px; text-align: right; border-style: solid; border-color: #ffffff;\"><img loading=\"lazy\" class=\"alignnone size-full wp-image-358\" src=\"https:\/\/rchbservices.uk\/en\/wp-content\/uploads\/2018\/07\/phone.png\" alt=\"\" width=\"32\" height=\"32\" \/><\/td>\n<td style=\"width: 5.132450331125828%; height: 24px; border-style: solid; border-color: #ffffff;\"><\/td>\n<td style=\"width: 50%; height: 24px; border-style: solid; border-color: #ffffff;\">0 775 948 43 76<br \/>\n0 756 381 29 77<\/td>\n<\/tr>\n<tr style=\"height: 24px;\">\n<td style=\"width: 44.867549668874176%; height: 24px; text-align: right; border-style: solid; border-color: #ffffff;\"><img loading=\"lazy\" class=\"alignnone size-full wp-image-360\" src=\"https:\/\/rchbservices.uk\/en\/wp-content\/uploads\/2018\/07\/email.png\" alt=\"\" width=\"32\" height=\"32\" \/><\/td>\n<td style=\"width: 5.132450331125828%; height: 24px; border-style: solid; border-color: #ffffff;\"><\/td>\n<td style=\"width: 50%; height: 24px; border-style: solid; border-color: #ffffff;\"><a href=\"mailto:info@rchbservices.uk\">info@rchbservices.uk<\/a><\/td>\n<\/tr>\n<tr style=\"height: 24px;\">\n<td style=\"width: 44.867549668874176%; height: 24px; text-align: right; border-style: solid; border-color: #ffffff;\"><img loading=\"lazy\" class=\"alignnone size-full wp-image-361\" src=\"https:\/\/rchbservices.uk\/en\/wp-content\/uploads\/2018\/07\/facebook.png\" alt=\"\" width=\"32\" height=\"32\" \/><\/td>\n<td style=\"width: 5.132450331125828%; height: 24px; border-style: solid; border-color: #ffffff;\"><\/td>\n<td style=\"width: 50%; height: 24px; border-style: solid; border-color: #ffffff;\"><a href=\"https:\/\/www.facebook.com\/rchbservices.uk\/\">https:\/\/www.facebook.com\/rchbservices.uk\/<\/a><\/td>\n<\/tr>\n<\/tbody>\n<\/table>\n<hr \/>\n<p style=\"text-align: left;\">[wpgmza id=&#8221;1&#8243;]\n<hr \/>\n<p style=\"text-align: center;\">Je\u015bli chcesz si\u0119 z nami skontaktowa\u0107 skorzystaj z formularza poni\u017cej:<\/p>\n<p style=\"text-align: center;\"><div role=\"form\" class=\"wpcf7\" id=\"wpcf7-f78-o1\" lang=\"pl-PL\" dir=\"ltr\">\n<div class=\"screen-reader-response\"><p role=\"status\" aria-live=\"polite\" aria-atomic=\"true\"><\/p> <ul><\/ul><\/div>\n<form action=\"\/pl\/wp-json\/wp\/v2\/pages\/20#wpcf7-f78-o1\" method=\"post\" class=\"wpcf7-form init\" novalidate=\"novalidate\" data-status=\"init\">\n<div style=\"display: none;\">\n<input type=\"hidden\" name=\"_wpcf7\" value=\"78\" \/>\n<input type=\"hidden\" name=\"_wpcf7_version\" value=\"5.3.2\" \/>\n<input type=\"hidden\" name=\"_wpcf7_locale\" value=\"pl_PL\" \/>\n<input type=\"hidden\" name=\"_wpcf7_unit_tag\" value=\"wpcf7-f78-o1\" \/>\n<input type=\"hidden\" name=\"_wpcf7_container_post\" value=\"0\" \/>\n<input type=\"hidden\" name=\"_wpcf7_posted_data_hash\" value=\"\" \/>\n<\/div>\n<p><center><\/p>\n<p>Imi\u0119 i nazwisko (wymagane)<br \/>\n    <span class=\"wpcf7-form-control-wrap your-name\"><input type=\"text\" name=\"your-name\" value=\"\" size=\"40\" class=\"wpcf7-form-control wpcf7-text wpcf7-validates-as-required\" aria-required=\"true\" aria-invalid=\"false\" \/><\/span> <\/p>\n<p>Adres email (wymagane)<br \/>\n    <span class=\"wpcf7-form-control-wrap your-email\"><input type=\"email\" name=\"your-email\" value=\"\" size=\"40\" class=\"wpcf7-form-control wpcf7-text wpcf7-email wpcf7-validates-as-required wpcf7-validates-as-email\" aria-required=\"true\" aria-invalid=\"false\" \/><\/span> <\/p>\n<p>Temat<br \/>\n    <span class=\"wpcf7-form-control-wrap your-subject\"><input type=\"text\" name=\"your-subject\" value=\"\" size=\"40\" class=\"wpcf7-form-control wpcf7-text\" aria-invalid=\"false\" \/><\/span> <\/p>\n<p>Tre\u015b\u0107 wiadomo\u015bci<br \/>\n    <span class=\"wpcf7-form-control-wrap your-message\"><textarea name=\"your-message\" cols=\"40\" rows=\"10\" class=\"wpcf7-form-control wpcf7-textarea\" aria-invalid=\"false\"><\/textarea><\/span> <\/p>\n<p><input type=\"submit\" value=\"Wy\u015blij\" class=\"wpcf7-form-control wpcf7-submit\" \/><\/p>\n<p><\/center><\/p>\n<div class=\"wpcf7-response-output\" aria-hidden=\"true\"><\/div><\/form><\/div>\n","protected":false},"excerpt":{"rendered":"<p>Right Choice Bookkeeping Services 84 Presthope Road, SR4 9DS Sunderland 0 775 948 43 76 0 756 381 29 77 info@rchbservices.uk https:\/\/www.facebook.com\/rchbservices.uk\/ [wpgmza id=&#8221;1&#8243;] Je\u015bli chcesz si\u0119 z nami skontaktowa\u0107 skorzystaj z formularza poni\u017cej:<\/p>\n","protected":false},"author":3,"featured_media":0,"parent":0,"menu_order":0,"comment_status":"closed","ping_status":"closed","template":"","meta":[],"yoast_head":"<!-- This site is optimized with the Yoast SEO plugin v15.6.2 - https:\/\/yoast.com\/wordpress\/plugins\/seo\/ -->\n<title>Kontakt &#8902; Right Choice Bookkeeping Services - Polska Ksi\u0119gowa Newcastle<\/title>\n<meta name=\"robots\" content=\"index, follow, max-snippet:-1, max-image-preview:large, max-video-preview:-1\" \/>\n<link rel=\"canonical\" href=\"https:\/\/rchbservices.uk\/pl\/kontakt\/\" \/>\n<meta property=\"og:locale\" content=\"pl_PL\" \/>\n<meta property=\"og:type\" content=\"article\" \/>\n<meta property=\"og:title\" content=\"Kontakt &#8902; Right Choice Bookkeeping Services - Polska Ksi\u0119gowa Newcastle\" \/>\n<meta property=\"og:description\" content=\"Right Choice Bookkeeping Services 84 Presthope Road, SR4 9DS Sunderland 0 775 948 43 76 0 756 381 29 77 info@rchbservices.uk https:\/\/www.facebook.com\/rchbservices.uk\/ [wpgmza id=&#8221;1&#8243;] Je\u015bli chcesz si\u0119 z nami skontaktowa\u0107 skorzystaj z formularza poni\u017cej:\" \/>\n<meta property=\"og:url\" content=\"https:\/\/rchbservices.uk\/pl\/kontakt\/\" \/>\n<meta property=\"og:site_name\" content=\"Right Choice Bookkeeping Services - Polska Ksi\u0119gowa Newcastle\" \/>\n<meta property=\"article:publisher\" content=\"https:\/\/www.facebook.com\/rchbservices.uk\/\" \/>\n<meta property=\"article:modified_time\" content=\"2022-06-27T15:33:27+00:00\" \/>\n<meta property=\"og:image\" content=\"https:\/\/rchbservices.uk\/en\/wp-content\/uploads\/2018\/07\/house.png\" \/>\n<meta name=\"twitter:card\" content=\"summary\" \/>\n<meta name=\"twitter:label1\" content=\"Est. reading time\">\n\t<meta name=\"twitter:data1\" content=\"1 minuta\">\n<script type=\"application\/ld+json\" class=\"yoast-schema-graph\">{\"@context\":\"https:\/\/schema.org\",\"@graph\":[{\"@type\":\"WebSite\",\"@id\":\"https:\/\/rchbservices.uk\/pl\/#website\",\"url\":\"https:\/\/rchbservices.uk\/pl\/\",\"name\":\"Right Choice Bookkeeping Services - Polska Ksi\\u0119gowa Newcastle\",\"description\":\"Right Choice Bookkeeping Services to polskie w Newcastle biuro rachunkowe oferuj\\u0105ce pe\\u0142en zakres us\\u0142ug ksi\\u0119gowych. Jeste\\u015bmy autoryzowanym agentem HMRC \\u2013 angielskiego urz\\u0119du skarbowego; nasza dzia\\u0142alno\\u015b\\u0107 jest w pe\\u0142ni ubezpieczona daj\\u0105c ochron\\u0119 naszym klientom; spe\\u0142niamy wymogi dotycz\\u0105ce ochrony danych osobowych obowi\\u0105zujacych w UK. Naszymi klientami s\\u0105 ma\\u0142e i \\u015brednie firmy z ca\\u0142ej Anglii, kt\\u00f3rzy reprezentuj\\u0105 szerokie spektrum dzia\\u0142alno\\u015bci gospodarczej.\",\"potentialAction\":[{\"@type\":\"SearchAction\",\"target\":\"https:\/\/rchbservices.uk\/pl\/?s={search_term_string}\",\"query-input\":\"required name=search_term_string\"}],\"inLanguage\":\"pl-PL\"},{\"@type\":\"ImageObject\",\"@id\":\"https:\/\/rchbservices.uk\/pl\/kontakt\/#primaryimage\",\"inLanguage\":\"pl-PL\",\"url\":\"https:\/\/rchbservices.uk\/en\/wp-content\/uploads\/2018\/07\/house.png\"},{\"@type\":\"WebPage\",\"@id\":\"https:\/\/rchbservices.uk\/pl\/kontakt\/#webpage\",\"url\":\"https:\/\/rchbservices.uk\/pl\/kontakt\/\",\"name\":\"Kontakt &#8902; Right Choice Bookkeeping Services - Polska Ksi\\u0119gowa Newcastle\",\"isPartOf\":{\"@id\":\"https:\/\/rchbservices.uk\/pl\/#website\"},\"primaryImageOfPage\":{\"@id\":\"https:\/\/rchbservices.uk\/pl\/kontakt\/#primaryimage\"},\"datePublished\":\"2016-06-14T14:15:21+00:00\",\"dateModified\":\"2022-06-27T15:33:27+00:00\",\"inLanguage\":\"pl-PL\",\"potentialAction\":[{\"@type\":\"ReadAction\",\"target\":[\"https:\/\/rchbservices.uk\/pl\/kontakt\/\"]}]}]}<\/script>\n<!-- \/ Yoast SEO plugin. -->","_links":{"self":[{"href":"https:\/\/rchbservices.uk\/pl\/wp-json\/wp\/v2\/pages\/20"}],"collection":[{"href":"https:\/\/rchbservices.uk\/pl\/wp-json\/wp\/v2\/pages"}],"about":[{"href":"https:\/\/rchbservices.uk\/pl\/wp-json\/wp\/v2\/types\/page"}],"author":[{"embeddable":true,"href":"https:\/\/rchbservices.uk\/pl\/wp-json\/wp\/v2\/users\/3"}],"replies":[{"embeddable":true,"href":"https:\/\/rchbservices.uk\/pl\/wp-json\/wp\/v2\/comments?post=20"}],"version-history":[{"count":79,"href":"https:\/\/rchbservices.uk\/pl\/wp-json\/wp\/v2\/pages\/20\/revisions"}],"predecessor-version":[{"id":347,"href":"https:\/\/rchbservices.uk\/pl\/wp-json\/wp\/v2\/pages\/20\/revisions\/347"}],"wp:attachment":[{"href":"https:\/\/rchbservices.uk\/pl\/wp-json\/wp\/v2\/media?parent=20"}],"curies":[{"name":"wp","href":"https:\/\/api.w.org\/{rel}","templated":true}]}}