{"id":3,"date":"2016-06-13T21:35:09","date_gmt":"2016-06-13T21:35:09","guid":{"rendered":"http:\/\/www.rchb1.ayz.pl\/pol\/?page_id=3"},"modified":"2018-09-01T23:51:04","modified_gmt":"2018-09-01T23:51:04","slug":"home","status":"publish","type":"page","link":"https:\/\/rchbservices.uk\/pl\/","title":{"rendered":"Home"},"content":{"rendered":"","protected":false},"excerpt":{"rendered":"","protected":false},"author":3,"featured_media":0,"parent":0,"menu_order":0,"comment_status":"closed","ping_status":"closed","template":"template-frontpage.php","meta":[],"yoast_head":"<!-- This site is optimized with the Yoast SEO plugin v15.6.2 - https:\/\/yoast.com\/wordpress\/plugins\/seo\/ -->\n<title>Home &#8902; Right Choice Bookkeeping Services - Polska Ksi\u0119gowa Newcastle<\/title>\n<meta name=\"description\" content=\"Biuro oferuj\u0105ce pe\u0142en zakres us\u0142ug ksi\u0119gowych. Nasza dzia\u0142alno\u015b\u0107 jest w pe\u0142ni ubezpieczona daj\u0105c ochron\u0119 naszym klientom; spe\u0142niamy wymogi dotycz\u0105ce ochrony danych osobowych obowi\u0105zuj\u0105cych w UK.\" \/>\n<meta name=\"robots\" content=\"index, follow, max-snippet:-1, max-image-preview:large, max-video-preview:-1\" \/>\n<link rel=\"canonical\" href=\"https:\/\/rchbservices.uk\/pl\/\" \/>\n<meta property=\"og:locale\" content=\"pl_PL\" \/>\n<meta property=\"og:type\" content=\"article\" \/>\n<meta property=\"og:title\" content=\"Home &#8902; Right Choice Bookkeeping Services - Polska Ksi\u0119gowa Newcastle\" \/>\n<meta property=\"og:description\" content=\"Biuro oferuj\u0105ce pe\u0142en zakres us\u0142ug ksi\u0119gowych. Nasza dzia\u0142alno\u015b\u0107 jest w pe\u0142ni ubezpieczona daj\u0105c ochron\u0119 naszym klientom; spe\u0142niamy wymogi dotycz\u0105ce ochrony danych osobowych obowi\u0105zuj\u0105cych w UK.\" \/>\n<meta property=\"og:url\" content=\"https:\/\/rchbservices.uk\/pl\/\" \/>\n<meta property=\"og:site_name\" content=\"Right Choice Bookkeeping Services - Polska Ksi\u0119gowa Newcastle\" \/>\n<meta property=\"article:publisher\" content=\"https:\/\/www.facebook.com\/rchbservices.uk\/\" \/>\n<meta property=\"article:modified_time\" content=\"2018-09-01T23:51:04+00:00\" \/>\n<meta name=\"twitter:card\" content=\"summary\" \/>\n<script type=\"application\/ld+json\" class=\"yoast-schema-graph\">{\"@context\":\"https:\/\/schema.org\",\"@graph\":[{\"@type\":\"WebSite\",\"@id\":\"https:\/\/rchbservices.uk\/pl\/#website\",\"url\":\"https:\/\/rchbservices.uk\/pl\/\",\"name\":\"Right Choice Bookkeeping Services - Polska Ksi\\u0119gowa Newcastle\",\"description\":\"Right Choice Bookkeeping Services to polskie w Newcastle biuro rachunkowe oferuj\\u0105ce pe\\u0142en zakres us\\u0142ug ksi\\u0119gowych. Jeste\\u015bmy autoryzowanym agentem HMRC \\u2013 angielskiego urz\\u0119du skarbowego; nasza dzia\\u0142alno\\u015b\\u0107 jest w pe\\u0142ni ubezpieczona daj\\u0105c ochron\\u0119 naszym klientom; spe\\u0142niamy wymogi dotycz\\u0105ce ochrony danych osobowych obowi\\u0105zujacych w UK. Naszymi klientami s\\u0105 ma\\u0142e i \\u015brednie firmy z ca\\u0142ej Anglii, kt\\u00f3rzy reprezentuj\\u0105 szerokie spektrum dzia\\u0142alno\\u015bci gospodarczej.\",\"potentialAction\":[{\"@type\":\"SearchAction\",\"target\":\"https:\/\/rchbservices.uk\/pl\/?s={search_term_string}\",\"query-input\":\"required name=search_term_string\"}],\"inLanguage\":\"pl-PL\"},{\"@type\":\"WebPage\",\"@id\":\"https:\/\/rchbservices.uk\/pl\/#webpage\",\"url\":\"https:\/\/rchbservices.uk\/pl\/\",\"name\":\"Home &#8902; Right Choice Bookkeeping Services - Polska Ksi\\u0119gowa Newcastle\",\"isPartOf\":{\"@id\":\"https:\/\/rchbservices.uk\/pl\/#website\"},\"datePublished\":\"2016-06-13T21:35:09+00:00\",\"dateModified\":\"2018-09-01T23:51:04+00:00\",\"description\":\"Biuro oferuj\\u0105ce pe\\u0142en zakres us\\u0142ug ksi\\u0119gowych. Nasza dzia\\u0142alno\\u015b\\u0107 jest w pe\\u0142ni ubezpieczona daj\\u0105c ochron\\u0119 naszym klientom; spe\\u0142niamy wymogi dotycz\\u0105ce ochrony danych osobowych obowi\\u0105zuj\\u0105cych w UK.\",\"inLanguage\":\"pl-PL\",\"potentialAction\":[{\"@type\":\"ReadAction\",\"target\":[\"https:\/\/rchbservices.uk\/pl\/\"]}]}]}<\/script>\n<!-- \/ Yoast SEO plugin. -->","_links":{"self":[{"href":"https:\/\/rchbservices.uk\/pl\/wp-json\/wp\/v2\/pages\/3"}],"collection":[{"href":"https:\/\/rchbservices.uk\/pl\/wp-json\/wp\/v2\/pages"}],"about":[{"href":"https:\/\/rchbservices.uk\/pl\/wp-json\/wp\/v2\/types\/page"}],"author":[{"embeddable":true,"href":"https:\/\/rchbservices.uk\/pl\/wp-json\/wp\/v2\/users\/3"}],"replies":[{"embeddable":true,"href":"https:\/\/rchbservices.uk\/pl\/wp-json\/wp\/v2\/comments?post=3"}],"version-history":[{"count":1,"href":"https:\/\/rchbservices.uk\/pl\/wp-json\/wp\/v2\/pages\/3\/revisions"}],"predecessor-version":[{"id":4,"href":"https:\/\/rchbservices.uk\/pl\/wp-json\/wp\/v2\/pages\/3\/revisions\/4"}],"wp:attachment":[{"href":"https:\/\/rchbservices.uk\/pl\/wp-json\/wp\/v2\/media?parent=3"}],"curies":[{"name":"wp","href":"https:\/\/api.w.org\/{rel}","templated":true}]}}