{"id":37,"date":"2016-06-26T11:00:54","date_gmt":"2016-06-26T11:00:54","guid":{"rendered":"http:\/\/www.rchb1.ayz.pl\/pol\/?page_id=37"},"modified":"2018-08-30T21:47:55","modified_gmt":"2018-08-30T21:47:55","slug":"self-employed","status":"publish","type":"page","link":"https:\/\/rchbservices.uk\/pl\/self-employed\/","title":{"rendered":"SELF EMPLOYED"},"content":{"rendered":"<p><img loading=\"lazy\" class=\"size-medium wp-image-52 alignright\" src=\"https:\/\/rchbservices.uk\/pl\/wp-content\/uploads\/2016\/06\/pz01-300x199.png\" alt=\"\" width=\"300\" height=\"199\" srcset=\"https:\/\/rchbservices.uk\/pl\/wp-content\/uploads\/2016\/06\/pz01-300x199.png 300w, https:\/\/rchbservices.uk\/pl\/wp-content\/uploads\/2016\/06\/pz01.png 634w\" sizes=\"(max-width: 300px) 100vw, 300px\" \/><\/p>\n<p style=\"text-align: justify;\"><strong>Self-Employed (Sole Trader)<\/strong> to odpowiednik jednoosobowej dzia\u0142alno\u015bci gospodarczej w Polsce. Samozatrudnienie jest jedn\u0105 z najprostszych form prowadzenia dzia\u0142alno\u015bci gospodarczej na terenie Wielkiej Brytanii. Osoba samozatrudniona odpowiada ca\u0142ym swoim maj\u0105tkiem za dzia\u0142alno\u015b\u0107 firmy oraz jest odpowiedzialna za p\u0142acenie swoich podatk\u00f3w i sk\u0142adek na ubezpieczenie spo\u0142eczne (National Insurance Contribution Class 2 lub\/ oraz Class 4).<\/p>\n<p style=\"text-align: justify;\">Je\u015bli pracujesz w UK jako self-employed lub subcontractor <strong>masz obowi\u0105zek rozliczy\u0107 si\u0119 z podatku za ka\u017cdy rok<\/strong>. Na podstawie twojego zeznania podatkowego Brytyjski Urz\u0105d Skarbowy (HMRC) naliczy Ci podatek do zap\u0142aty lub do zwrotu.<\/p>\n<p style=\"text-align: justify;\"><span style=\"text-decoration: underline;\">Wybieraj\u0105c <strong>Right Choice Bookkeeping Services<\/strong> masz gwaracje, ze zajmiemy sie \u00a0optymalizacj\u0105 Twojego podatku.<\/span><\/p>\n<p style=\"text-align: justify;\">Jako Tw\u00f3j tax agent b\u0119dziemy reprezentowa\u0107 ci\u0119 przed Brytyjskim Urz\u0119dem Skarbowym wykonamy dla Ciebie wszystkie niezb\u0119dne telefony, napiszemy w twoim imieniu listy, oraz zajmiemiemy sie wszytkimi formalno\u015bciami zwi\u0105zanymi z prowadzeniem Twojej dzialalno\u015bci.<\/p>\n","protected":false},"excerpt":{"rendered":"<p>Self-Employed (Sole Trader) to odpowiednik jednoosobowej dzia\u0142alno\u015bci gospodarczej w Polsce. Samozatrudnienie jest jedn\u0105 z najprostszych form prowadzenia dzia\u0142alno\u015bci gospodarczej na terenie Wielkiej Brytanii. Osoba samozatrudniona odpowiada ca\u0142ym swoim maj\u0105tkiem za dzia\u0142alno\u015b\u0107 firmy oraz jest odpowiedzialna za p\u0142acenie swoich podatk\u00f3w i sk\u0142adek na ubezpieczenie spo\u0142eczne (National Insurance Contribution Class 2 lub\/ oraz Class 4). Je\u015bli pracujesz w UK jako self-employed lub subcontractor masz obowi\u0105zek rozliczy\u0107 si\u0119 z podatku za ka\u017cdy rok. Na podstawie twojego zeznania podatkowego Brytyjski Urz\u0105d Skarbowy (HMRC) naliczy Ci podatek do zap\u0142aty lub do zwrotu. Wybieraj\u0105c Right Choice Bookkeeping Services masz gwaracje, ze zajmiemy sie \u00a0optymalizacj\u0105 Twojego podatku. Jako Tw\u00f3j tax agent b\u0119dziemy reprezentowa\u0107 ci\u0119 przed Brytyjskim Urz\u0119dem Skarbowym wykonamy dla Ciebie wszystkie niezb\u0119dne telefony, napiszemy w twoim imieniu listy, oraz zajmiemiemy sie wszytkimi formalno\u015bciami zwi\u0105zanymi z prowadzeniem Twojej dzialalno\u015bci.<\/p>\n","protected":false},"author":3,"featured_media":0,"parent":0,"menu_order":0,"comment_status":"closed","ping_status":"closed","template":"","meta":[],"yoast_head":"<!-- This site is optimized with the Yoast SEO plugin v15.6.2 - https:\/\/yoast.com\/wordpress\/plugins\/seo\/ -->\n<title>SELF EMPLOYED &#8902; Right Choice Bookkeeping Services - Polska Ksi\u0119gowa Newcastle<\/title>\n<meta name=\"robots\" content=\"index, follow, max-snippet:-1, max-image-preview:large, max-video-preview:-1\" \/>\n<link rel=\"canonical\" href=\"https:\/\/rchbservices.uk\/pl\/self-employed\/\" \/>\n<meta property=\"og:locale\" content=\"pl_PL\" \/>\n<meta property=\"og:type\" content=\"article\" \/>\n<meta property=\"og:title\" content=\"SELF EMPLOYED &#8902; Right Choice Bookkeeping Services - Polska Ksi\u0119gowa Newcastle\" \/>\n<meta property=\"og:description\" content=\"Self-Employed (Sole Trader) to odpowiednik jednoosobowej dzia\u0142alno\u015bci gospodarczej w Polsce. Samozatrudnienie jest jedn\u0105 z najprostszych form prowadzenia dzia\u0142alno\u015bci gospodarczej na terenie Wielkiej Brytanii. Osoba samozatrudniona odpowiada ca\u0142ym swoim maj\u0105tkiem za dzia\u0142alno\u015b\u0107 firmy oraz jest odpowiedzialna za p\u0142acenie swoich podatk\u00f3w i sk\u0142adek na ubezpieczenie spo\u0142eczne (National Insurance Contribution Class 2 lub\/ oraz Class 4). Je\u015bli pracujesz w UK jako self-employed lub subcontractor masz obowi\u0105zek rozliczy\u0107 si\u0119 z podatku za ka\u017cdy rok. Na podstawie twojego zeznania podatkowego Brytyjski Urz\u0105d Skarbowy (HMRC) naliczy Ci podatek do zap\u0142aty lub do zwrotu. Wybieraj\u0105c Right Choice Bookkeeping Services masz gwaracje, ze zajmiemy sie \u00a0optymalizacj\u0105 Twojego podatku. Jako Tw\u00f3j tax agent b\u0119dziemy reprezentowa\u0107 ci\u0119 przed Brytyjskim Urz\u0119dem Skarbowym wykonamy dla Ciebie wszystkie niezb\u0119dne telefony, napiszemy w twoim imieniu listy, oraz zajmiemiemy sie wszytkimi formalno\u015bciami zwi\u0105zanymi z prowadzeniem Twojej dzialalno\u015bci.\" \/>\n<meta property=\"og:url\" content=\"https:\/\/rchbservices.uk\/pl\/self-employed\/\" \/>\n<meta property=\"og:site_name\" content=\"Right Choice Bookkeeping Services - Polska Ksi\u0119gowa Newcastle\" \/>\n<meta property=\"article:publisher\" content=\"https:\/\/www.facebook.com\/rchbservices.uk\/\" \/>\n<meta property=\"article:modified_time\" content=\"2018-08-30T21:47:55+00:00\" \/>\n<meta property=\"og:image\" content=\"https:\/\/rchbservices.uk\/pl\/wp-content\/uploads\/2016\/06\/pz01-300x199.png\" \/>\n<meta name=\"twitter:card\" content=\"summary\" \/>\n<meta name=\"twitter:label1\" content=\"Est. reading time\">\n\t<meta name=\"twitter:data1\" content=\"1 minuta\">\n<script type=\"application\/ld+json\" class=\"yoast-schema-graph\">{\"@context\":\"https:\/\/schema.org\",\"@graph\":[{\"@type\":\"WebSite\",\"@id\":\"https:\/\/rchbservices.uk\/pl\/#website\",\"url\":\"https:\/\/rchbservices.uk\/pl\/\",\"name\":\"Right Choice Bookkeeping Services - Polska Ksi\\u0119gowa Newcastle\",\"description\":\"Right Choice Bookkeeping Services to polskie w Newcastle biuro rachunkowe oferuj\\u0105ce pe\\u0142en zakres us\\u0142ug ksi\\u0119gowych. Jeste\\u015bmy autoryzowanym agentem HMRC \\u2013 angielskiego urz\\u0119du skarbowego; nasza dzia\\u0142alno\\u015b\\u0107 jest w pe\\u0142ni ubezpieczona daj\\u0105c ochron\\u0119 naszym klientom; spe\\u0142niamy wymogi dotycz\\u0105ce ochrony danych osobowych obowi\\u0105zujacych w UK. Naszymi klientami s\\u0105 ma\\u0142e i \\u015brednie firmy z ca\\u0142ej Anglii, kt\\u00f3rzy reprezentuj\\u0105 szerokie spektrum dzia\\u0142alno\\u015bci gospodarczej.\",\"potentialAction\":[{\"@type\":\"SearchAction\",\"target\":\"https:\/\/rchbservices.uk\/pl\/?s={search_term_string}\",\"query-input\":\"required name=search_term_string\"}],\"inLanguage\":\"pl-PL\"},{\"@type\":\"ImageObject\",\"@id\":\"https:\/\/rchbservices.uk\/pl\/self-employed\/#primaryimage\",\"inLanguage\":\"pl-PL\",\"url\":\"https:\/\/rchbservices.uk\/pl\/wp-content\/uploads\/2016\/06\/pz01.png\",\"width\":634,\"height\":421},{\"@type\":\"WebPage\",\"@id\":\"https:\/\/rchbservices.uk\/pl\/self-employed\/#webpage\",\"url\":\"https:\/\/rchbservices.uk\/pl\/self-employed\/\",\"name\":\"SELF EMPLOYED &#8902; Right Choice Bookkeeping Services - Polska Ksi\\u0119gowa Newcastle\",\"isPartOf\":{\"@id\":\"https:\/\/rchbservices.uk\/pl\/#website\"},\"primaryImageOfPage\":{\"@id\":\"https:\/\/rchbservices.uk\/pl\/self-employed\/#primaryimage\"},\"datePublished\":\"2016-06-26T11:00:54+00:00\",\"dateModified\":\"2018-08-30T21:47:55+00:00\",\"inLanguage\":\"pl-PL\",\"potentialAction\":[{\"@type\":\"ReadAction\",\"target\":[\"https:\/\/rchbservices.uk\/pl\/self-employed\/\"]}]}]}<\/script>\n<!-- \/ Yoast SEO plugin. -->","_links":{"self":[{"href":"https:\/\/rchbservices.uk\/pl\/wp-json\/wp\/v2\/pages\/37"}],"collection":[{"href":"https:\/\/rchbservices.uk\/pl\/wp-json\/wp\/v2\/pages"}],"about":[{"href":"https:\/\/rchbservices.uk\/pl\/wp-json\/wp\/v2\/types\/page"}],"author":[{"embeddable":true,"href":"https:\/\/rchbservices.uk\/pl\/wp-json\/wp\/v2\/users\/3"}],"replies":[{"embeddable":true,"href":"https:\/\/rchbservices.uk\/pl\/wp-json\/wp\/v2\/comments?post=37"}],"version-history":[{"count":15,"href":"https:\/\/rchbservices.uk\/pl\/wp-json\/wp\/v2\/pages\/37\/revisions"}],"predecessor-version":[{"id":318,"href":"https:\/\/rchbservices.uk\/pl\/wp-json\/wp\/v2\/pages\/37\/revisions\/318"}],"wp:attachment":[{"href":"https:\/\/rchbservices.uk\/pl\/wp-json\/wp\/v2\/media?parent=37"}],"curies":[{"name":"wp","href":"https:\/\/api.w.org\/{rel}","templated":true}]}}