{"id":41,"date":"2016-06-26T11:07:56","date_gmt":"2016-06-26T11:07:56","guid":{"rendered":"http:\/\/www.rchb1.ayz.pl\/pol\/?page_id=41"},"modified":"2018-07-20T22:24:27","modified_gmt":"2018-07-20T22:24:27","slug":"zwrot-podatku","status":"publish","type":"page","link":"https:\/\/rchbservices.uk\/pl\/zwrot-podatku\/","title":{"rendered":"ZWROT PODATKU"},"content":{"rendered":"<p style=\"text-align: justify;\"><img loading=\"lazy\" class=\"size-medium wp-image-58 alignright\" src=\"https:\/\/rchbservices.uk\/pl\/wp-content\/uploads\/2016\/06\/pz02-300x199.png\" alt=\"\" width=\"300\" height=\"199\" srcset=\"https:\/\/rchbservices.uk\/pl\/wp-content\/uploads\/2016\/06\/pz02-300x199.png 300w, https:\/\/rchbservices.uk\/pl\/wp-content\/uploads\/2016\/06\/pz02.png 634w\" sizes=\"(max-width: 300px) 100vw, 300px\" \/>Je\u015bli pracujesz jako podwykonawca (subcontractor) lub jeste\u015b employee (pracownikiem zatrudnionym przez firm\u0119) mo\u017ce przys\u0142ugiwa\u0107 ci zwrot podatku.<\/p>\n<p style=\"text-align: justify;\">Aby dowiedzie\u0107 si\u0119, jaki zwrot mo\u017cesz otrzyma\u0107 lub jaki zap\u0142aci\u0107 podatek, musimy przeanalizowa\u0107 dok\u0142adnie Twoj\u0105 sytuacj\u0119. Nasze biuro pomo\u017ce Ci szybko, tanio i skutecznie odzyska\u0107 nadp\u0142acony podatek<\/p>\n<p style=\"text-align: justify;\"><span style=\"text-decoration: underline;\">Zadzwo\u0144 do nas, aby dowiedzie\u0107 si\u0119 wi\u0119cej. Rozliczenia mo\u017cemy dokona\u0107 r\u00f3wnie\u017c korespondencyjnie (wykorzystuj\u0105c poczt\u0119, telefon oraz email).<\/span><\/p>\n","protected":false},"excerpt":{"rendered":"<p>Je\u015bli pracujesz jako podwykonawca (subcontractor) lub jeste\u015b employee (pracownikiem zatrudnionym przez firm\u0119) mo\u017ce przys\u0142ugiwa\u0107 ci zwrot podatku. Aby dowiedzie\u0107 si\u0119, jaki zwrot mo\u017cesz otrzyma\u0107 lub jaki zap\u0142aci\u0107 podatek, musimy przeanalizowa\u0107 dok\u0142adnie Twoj\u0105 sytuacj\u0119. Nasze biuro pomo\u017ce Ci szybko, tanio i skutecznie odzyska\u0107 nadp\u0142acony podatek Zadzwo\u0144 do nas, aby dowiedzie\u0107 si\u0119 wi\u0119cej. Rozliczenia mo\u017cemy dokona\u0107 r\u00f3wnie\u017c korespondencyjnie (wykorzystuj\u0105c poczt\u0119, telefon oraz email).<\/p>\n","protected":false},"author":3,"featured_media":0,"parent":0,"menu_order":0,"comment_status":"closed","ping_status":"closed","template":"","meta":[],"yoast_head":"<!-- This site is optimized with the Yoast SEO plugin v15.6.2 - https:\/\/yoast.com\/wordpress\/plugins\/seo\/ -->\n<title>ZWROT PODATKU &#8902; Right Choice Bookkeeping Services - Polska Ksi\u0119gowa Newcastle<\/title>\n<meta name=\"robots\" content=\"index, follow, max-snippet:-1, max-image-preview:large, max-video-preview:-1\" \/>\n<link rel=\"canonical\" href=\"https:\/\/rchbservices.uk\/pl\/zwrot-podatku\/\" \/>\n<meta property=\"og:locale\" content=\"pl_PL\" \/>\n<meta property=\"og:type\" content=\"article\" \/>\n<meta property=\"og:title\" content=\"ZWROT PODATKU &#8902; Right Choice Bookkeeping Services - Polska Ksi\u0119gowa Newcastle\" \/>\n<meta property=\"og:description\" content=\"Je\u015bli pracujesz jako podwykonawca (subcontractor) lub jeste\u015b employee (pracownikiem zatrudnionym przez firm\u0119) mo\u017ce przys\u0142ugiwa\u0107 ci zwrot podatku. Aby dowiedzie\u0107 si\u0119, jaki zwrot mo\u017cesz otrzyma\u0107 lub jaki zap\u0142aci\u0107 podatek, musimy przeanalizowa\u0107 dok\u0142adnie Twoj\u0105 sytuacj\u0119. Nasze biuro pomo\u017ce Ci szybko, tanio i skutecznie odzyska\u0107 nadp\u0142acony podatek Zadzwo\u0144 do nas, aby dowiedzie\u0107 si\u0119 wi\u0119cej. Rozliczenia mo\u017cemy dokona\u0107 r\u00f3wnie\u017c korespondencyjnie (wykorzystuj\u0105c poczt\u0119, telefon oraz email).\" \/>\n<meta property=\"og:url\" content=\"https:\/\/rchbservices.uk\/pl\/zwrot-podatku\/\" \/>\n<meta property=\"og:site_name\" content=\"Right Choice Bookkeeping Services - Polska Ksi\u0119gowa Newcastle\" \/>\n<meta property=\"article:publisher\" content=\"https:\/\/www.facebook.com\/rchbservices.uk\/\" \/>\n<meta property=\"article:modified_time\" content=\"2018-07-20T22:24:27+00:00\" \/>\n<meta property=\"og:image\" content=\"https:\/\/rchbservices.uk\/pl\/wp-content\/uploads\/2016\/06\/pz02-300x199.png\" \/>\n<meta name=\"twitter:card\" content=\"summary\" \/>\n<script type=\"application\/ld+json\" class=\"yoast-schema-graph\">{\"@context\":\"https:\/\/schema.org\",\"@graph\":[{\"@type\":\"WebSite\",\"@id\":\"https:\/\/rchbservices.uk\/pl\/#website\",\"url\":\"https:\/\/rchbservices.uk\/pl\/\",\"name\":\"Right Choice Bookkeeping Services - Polska Ksi\\u0119gowa Newcastle\",\"description\":\"Right Choice Bookkeeping Services to polskie w Newcastle biuro rachunkowe oferuj\\u0105ce pe\\u0142en zakres us\\u0142ug ksi\\u0119gowych. Jeste\\u015bmy autoryzowanym agentem HMRC \\u2013 angielskiego urz\\u0119du skarbowego; nasza dzia\\u0142alno\\u015b\\u0107 jest w pe\\u0142ni ubezpieczona daj\\u0105c ochron\\u0119 naszym klientom; spe\\u0142niamy wymogi dotycz\\u0105ce ochrony danych osobowych obowi\\u0105zujacych w UK. Naszymi klientami s\\u0105 ma\\u0142e i \\u015brednie firmy z ca\\u0142ej Anglii, kt\\u00f3rzy reprezentuj\\u0105 szerokie spektrum dzia\\u0142alno\\u015bci gospodarczej.\",\"potentialAction\":[{\"@type\":\"SearchAction\",\"target\":\"https:\/\/rchbservices.uk\/pl\/?s={search_term_string}\",\"query-input\":\"required name=search_term_string\"}],\"inLanguage\":\"pl-PL\"},{\"@type\":\"ImageObject\",\"@id\":\"https:\/\/rchbservices.uk\/pl\/zwrot-podatku\/#primaryimage\",\"inLanguage\":\"pl-PL\",\"url\":\"https:\/\/rchbservices.uk\/pl\/wp-content\/uploads\/2016\/06\/pz02.png\",\"width\":634,\"height\":421},{\"@type\":\"WebPage\",\"@id\":\"https:\/\/rchbservices.uk\/pl\/zwrot-podatku\/#webpage\",\"url\":\"https:\/\/rchbservices.uk\/pl\/zwrot-podatku\/\",\"name\":\"ZWROT PODATKU &#8902; Right Choice Bookkeeping Services - Polska Ksi\\u0119gowa Newcastle\",\"isPartOf\":{\"@id\":\"https:\/\/rchbservices.uk\/pl\/#website\"},\"primaryImageOfPage\":{\"@id\":\"https:\/\/rchbservices.uk\/pl\/zwrot-podatku\/#primaryimage\"},\"datePublished\":\"2016-06-26T11:07:56+00:00\",\"dateModified\":\"2018-07-20T22:24:27+00:00\",\"inLanguage\":\"pl-PL\",\"potentialAction\":[{\"@type\":\"ReadAction\",\"target\":[\"https:\/\/rchbservices.uk\/pl\/zwrot-podatku\/\"]}]}]}<\/script>\n<!-- \/ Yoast SEO plugin. -->","_links":{"self":[{"href":"https:\/\/rchbservices.uk\/pl\/wp-json\/wp\/v2\/pages\/41"}],"collection":[{"href":"https:\/\/rchbservices.uk\/pl\/wp-json\/wp\/v2\/pages"}],"about":[{"href":"https:\/\/rchbservices.uk\/pl\/wp-json\/wp\/v2\/types\/page"}],"author":[{"embeddable":true,"href":"https:\/\/rchbservices.uk\/pl\/wp-json\/wp\/v2\/users\/3"}],"replies":[{"embeddable":true,"href":"https:\/\/rchbservices.uk\/pl\/wp-json\/wp\/v2\/comments?post=41"}],"version-history":[{"count":8,"href":"https:\/\/rchbservices.uk\/pl\/wp-json\/wp\/v2\/pages\/41\/revisions"}],"predecessor-version":[{"id":236,"href":"https:\/\/rchbservices.uk\/pl\/wp-json\/wp\/v2\/pages\/41\/revisions\/236"}],"wp:attachment":[{"href":"https:\/\/rchbservices.uk\/pl\/wp-json\/wp\/v2\/media?parent=41"}],"curies":[{"name":"wp","href":"https:\/\/api.w.org\/{rel}","templated":true}]}}