{"id":44,"date":"2016-06-26T11:12:25","date_gmt":"2016-06-26T11:12:25","guid":{"rendered":"http:\/\/www.rchb1.ayz.pl\/pol\/?page_id=44"},"modified":"2018-08-30T21:49:02","modified_gmt":"2018-08-30T21:49:02","slug":"deklaracja-podatkowa-self-assessment","status":"publish","type":"page","link":"https:\/\/rchbservices.uk\/pl\/deklaracja-podatkowa-self-assessment\/","title":{"rendered":"DEKLARACJA PODATKOWA SELF ASSESSMENT"},"content":{"rendered":"<p style=\"text-align: justify;\"><span style=\"font-family: Tahoma, sans-serif;\"><span style=\"font-size: medium;\"><img loading=\"lazy\" class=\"size-medium wp-image-60 alignright\" src=\"https:\/\/rchbservices.uk\/pl\/wp-content\/uploads\/2016\/06\/pz03-300x199.png\" alt=\"\" width=\"300\" height=\"199\" srcset=\"https:\/\/rchbservices.uk\/pl\/wp-content\/uploads\/2016\/06\/pz03-300x199.png 300w, https:\/\/rchbservices.uk\/pl\/wp-content\/uploads\/2016\/06\/pz03.png 634w\" sizes=\"(max-width: 300px) 100vw, 300px\" \/><\/span><\/span>Ka\u017cdy, kto jest zatrudniony lub pobiera emerytur\u0119 w Wielkiej Brytanii (Szkocji, Anglii, Irlandii P\u00f3\u0142nocnej, Walii), zostaje rozliczany automatycznie w systemie PAYE.<\/p>\n<p>Natomiast je\u015bli jeste\u015b:<\/p>\n<ul>\n<li>Self employed, CIS (subkontraktor)<\/li>\n<li>W sp\u00f3\u0142ce partnerskiej Partnership (self-employed), ka\u017cdy z partner\u00f3w oraz jedna deklaracja dla firmy<\/li>\n<li>Dyrektorem firm limited<\/li>\n<\/ul>\n<p style=\"text-align: justify;\">Musisz zadba\u0107 o wype\u0142nienie zeznania podatkowego w formie Self Assessment.<\/p>\n<h2>Rok podatkowy w Wielkiej Brytanii<\/h2>\n<p style=\"text-align: justify;\">Rok podatkowy rozpoczyna si\u0119 6 kwietnia i ko\u0144czy 5 kwietnia roku nast\u0119pnego. Ostateczny termin na z\u0142o\u017cenie zeznania podatkowego w formie\u00a0papierowej\u00a0up\u0142ywa\u00a031 pa\u017adziernika. Ostateczny termin na z\u0142o\u017cenie zeznania podatkowego w formie\u00a0elektronicznej\u00a0mija\u00a031 stycznia.<\/p>\n<p style=\"text-align: justify;\">Podatek rozliczasz za rok miniony, zako\u0144czony. Je\u015bli nie zd\u0105\u017cysz wys\u0142a\u0107 swojego zeznana w terminie, HMRC obci\u0105\u017cy ci\u0119 kar\u0105 pieni\u0119\u017cn\u0105.<\/p>\n<p style=\"text-align: justify;\"><span style=\"text-decoration: underline;\">Aby w pe\u0142ni skorzysta\u0107 z przys\u0142ugujacych Ci ulg podatkowych oraz nie przeoczy\u0107 terminu rozliczenia skontaktuj si\u0119 z biurem <strong>Right Choice Bookkeeping Services<\/strong>.<\/span><\/p>\n","protected":false},"excerpt":{"rendered":"<p>Ka\u017cdy, kto jest zatrudniony lub pobiera emerytur\u0119 w Wielkiej Brytanii (Szkocji, Anglii, Irlandii P\u00f3\u0142nocnej, Walii), zostaje rozliczany automatycznie w systemie PAYE. Natomiast je\u015bli jeste\u015b: Self employed, CIS (subkontraktor) W sp\u00f3\u0142ce partnerskiej Partnership (self-employed), ka\u017cdy z partner\u00f3w oraz jedna deklaracja dla firmy Dyrektorem firm limited Musisz zadba\u0107 o wype\u0142nienie zeznania podatkowego w formie Self Assessment. Rok podatkowy w Wielkiej Brytanii Rok podatkowy rozpoczyna si\u0119 6 kwietnia i ko\u0144czy 5 kwietnia roku nast\u0119pnego. Ostateczny termin na z\u0142o\u017cenie zeznania podatkowego w formie\u00a0papierowej\u00a0up\u0142ywa\u00a031 pa\u017adziernika. Ostateczny termin na z\u0142o\u017cenie zeznania podatkowego w formie\u00a0elektronicznej\u00a0mija\u00a031 stycznia. Podatek rozliczasz za rok miniony, zako\u0144czony. Je\u015bli nie zd\u0105\u017cysz wys\u0142a\u0107 swojego zeznana w terminie, HMRC obci\u0105\u017cy ci\u0119 kar\u0105 pieni\u0119\u017cn\u0105. Aby w pe\u0142ni skorzysta\u0107 z przys\u0142ugujacych Ci ulg podatkowych oraz nie przeoczy\u0107 terminu rozliczenia skontaktuj si\u0119 z biurem Right Choice Bookkeeping Services.<\/p>\n","protected":false},"author":3,"featured_media":0,"parent":0,"menu_order":0,"comment_status":"closed","ping_status":"closed","template":"","meta":[],"yoast_head":"<!-- This site is optimized with the Yoast SEO plugin v15.6.2 - https:\/\/yoast.com\/wordpress\/plugins\/seo\/ -->\n<title>DEKLARACJA PODATKOWA SELF ASSESSMENT &#8902; Right Choice Bookkeeping Services - Polska Ksi\u0119gowa Newcastle<\/title>\n<meta name=\"robots\" content=\"index, follow, max-snippet:-1, max-image-preview:large, max-video-preview:-1\" \/>\n<link rel=\"canonical\" href=\"https:\/\/rchbservices.uk\/pl\/deklaracja-podatkowa-self-assessment\/\" \/>\n<meta property=\"og:locale\" content=\"pl_PL\" \/>\n<meta property=\"og:type\" content=\"article\" \/>\n<meta property=\"og:title\" content=\"DEKLARACJA PODATKOWA SELF ASSESSMENT &#8902; Right Choice Bookkeeping Services - Polska Ksi\u0119gowa Newcastle\" \/>\n<meta property=\"og:description\" content=\"Ka\u017cdy, kto jest zatrudniony lub pobiera emerytur\u0119 w Wielkiej Brytanii (Szkocji, Anglii, Irlandii P\u00f3\u0142nocnej, Walii), zostaje rozliczany automatycznie w systemie PAYE. Natomiast je\u015bli jeste\u015b: Self employed, CIS (subkontraktor) W sp\u00f3\u0142ce partnerskiej Partnership (self-employed), ka\u017cdy z partner\u00f3w oraz jedna deklaracja dla firmy Dyrektorem firm limited Musisz zadba\u0107 o wype\u0142nienie zeznania podatkowego w formie Self Assessment. Rok podatkowy w Wielkiej Brytanii Rok podatkowy rozpoczyna si\u0119 6 kwietnia i ko\u0144czy 5 kwietnia roku nast\u0119pnego. Ostateczny termin na z\u0142o\u017cenie zeznania podatkowego w formie\u00a0papierowej\u00a0up\u0142ywa\u00a031 pa\u017adziernika. Ostateczny termin na z\u0142o\u017cenie zeznania podatkowego w formie\u00a0elektronicznej\u00a0mija\u00a031 stycznia. Podatek rozliczasz za rok miniony, zako\u0144czony. Je\u015bli nie zd\u0105\u017cysz wys\u0142a\u0107 swojego zeznana w terminie, HMRC obci\u0105\u017cy ci\u0119 kar\u0105 pieni\u0119\u017cn\u0105. Aby w pe\u0142ni skorzysta\u0107 z przys\u0142ugujacych Ci ulg podatkowych oraz nie przeoczy\u0107 terminu rozliczenia skontaktuj si\u0119 z biurem Right Choice Bookkeeping Services.\" \/>\n<meta property=\"og:url\" content=\"https:\/\/rchbservices.uk\/pl\/deklaracja-podatkowa-self-assessment\/\" \/>\n<meta property=\"og:site_name\" content=\"Right Choice Bookkeeping Services - Polska Ksi\u0119gowa Newcastle\" \/>\n<meta property=\"article:publisher\" content=\"https:\/\/www.facebook.com\/rchbservices.uk\/\" \/>\n<meta property=\"article:modified_time\" content=\"2018-08-30T21:49:02+00:00\" \/>\n<meta property=\"og:image\" content=\"https:\/\/rchbservices.uk\/pl\/wp-content\/uploads\/2016\/06\/pz03-300x199.png\" \/>\n<meta name=\"twitter:card\" content=\"summary\" \/>\n<meta name=\"twitter:label1\" content=\"Est. reading time\">\n\t<meta name=\"twitter:data1\" content=\"1 minuta\">\n<script type=\"application\/ld+json\" class=\"yoast-schema-graph\">{\"@context\":\"https:\/\/schema.org\",\"@graph\":[{\"@type\":\"WebSite\",\"@id\":\"https:\/\/rchbservices.uk\/pl\/#website\",\"url\":\"https:\/\/rchbservices.uk\/pl\/\",\"name\":\"Right Choice Bookkeeping Services - Polska Ksi\\u0119gowa Newcastle\",\"description\":\"Right Choice Bookkeeping Services to polskie w Newcastle biuro rachunkowe oferuj\\u0105ce pe\\u0142en zakres us\\u0142ug ksi\\u0119gowych. Jeste\\u015bmy autoryzowanym agentem HMRC \\u2013 angielskiego urz\\u0119du skarbowego; nasza dzia\\u0142alno\\u015b\\u0107 jest w pe\\u0142ni ubezpieczona daj\\u0105c ochron\\u0119 naszym klientom; spe\\u0142niamy wymogi dotycz\\u0105ce ochrony danych osobowych obowi\\u0105zujacych w UK. Naszymi klientami s\\u0105 ma\\u0142e i \\u015brednie firmy z ca\\u0142ej Anglii, kt\\u00f3rzy reprezentuj\\u0105 szerokie spektrum dzia\\u0142alno\\u015bci gospodarczej.\",\"potentialAction\":[{\"@type\":\"SearchAction\",\"target\":\"https:\/\/rchbservices.uk\/pl\/?s={search_term_string}\",\"query-input\":\"required name=search_term_string\"}],\"inLanguage\":\"pl-PL\"},{\"@type\":\"ImageObject\",\"@id\":\"https:\/\/rchbservices.uk\/pl\/deklaracja-podatkowa-self-assessment\/#primaryimage\",\"inLanguage\":\"pl-PL\",\"url\":\"https:\/\/rchbservices.uk\/pl\/wp-content\/uploads\/2016\/06\/pz03.png\",\"width\":634,\"height\":421},{\"@type\":\"WebPage\",\"@id\":\"https:\/\/rchbservices.uk\/pl\/deklaracja-podatkowa-self-assessment\/#webpage\",\"url\":\"https:\/\/rchbservices.uk\/pl\/deklaracja-podatkowa-self-assessment\/\",\"name\":\"DEKLARACJA PODATKOWA SELF ASSESSMENT &#8902; Right Choice Bookkeeping Services - Polska Ksi\\u0119gowa Newcastle\",\"isPartOf\":{\"@id\":\"https:\/\/rchbservices.uk\/pl\/#website\"},\"primaryImageOfPage\":{\"@id\":\"https:\/\/rchbservices.uk\/pl\/deklaracja-podatkowa-self-assessment\/#primaryimage\"},\"datePublished\":\"2016-06-26T11:12:25+00:00\",\"dateModified\":\"2018-08-30T21:49:02+00:00\",\"inLanguage\":\"pl-PL\",\"potentialAction\":[{\"@type\":\"ReadAction\",\"target\":[\"https:\/\/rchbservices.uk\/pl\/deklaracja-podatkowa-self-assessment\/\"]}]}]}<\/script>\n<!-- \/ Yoast SEO plugin. -->","_links":{"self":[{"href":"https:\/\/rchbservices.uk\/pl\/wp-json\/wp\/v2\/pages\/44"}],"collection":[{"href":"https:\/\/rchbservices.uk\/pl\/wp-json\/wp\/v2\/pages"}],"about":[{"href":"https:\/\/rchbservices.uk\/pl\/wp-json\/wp\/v2\/types\/page"}],"author":[{"embeddable":true,"href":"https:\/\/rchbservices.uk\/pl\/wp-json\/wp\/v2\/users\/3"}],"replies":[{"embeddable":true,"href":"https:\/\/rchbservices.uk\/pl\/wp-json\/wp\/v2\/comments?post=44"}],"version-history":[{"count":9,"href":"https:\/\/rchbservices.uk\/pl\/wp-json\/wp\/v2\/pages\/44\/revisions"}],"predecessor-version":[{"id":319,"href":"https:\/\/rchbservices.uk\/pl\/wp-json\/wp\/v2\/pages\/44\/revisions\/319"}],"wp:attachment":[{"href":"https:\/\/rchbservices.uk\/pl\/wp-json\/wp\/v2\/media?parent=44"}],"curies":[{"name":"wp","href":"https:\/\/api.w.org\/{rel}","templated":true}]}}