{"id":47,"date":"2016-06-26T11:21:17","date_gmt":"2016-06-26T11:21:17","guid":{"rendered":"http:\/\/www.rchb1.ayz.pl\/pol\/?page_id=47"},"modified":"2018-08-30T21:50:01","modified_gmt":"2018-08-30T21:50:01","slug":"firmy-limited","status":"publish","type":"page","link":"https:\/\/rchbservices.uk\/pl\/firmy-limited\/","title":{"rendered":"FIRMY LIMITED"},"content":{"rendered":"<p style=\"text-align: justify;\"><span style=\"font-family: Tahoma, sans-serif;\"><span style=\"font-size: medium;\"><img loading=\"lazy\" class=\"size-medium wp-image-66 alignright\" src=\"https:\/\/rchbservices.uk\/pl\/wp-content\/uploads\/2016\/06\/pz04-300x199.png\" alt=\"\" width=\"300\" height=\"199\" srcset=\"https:\/\/rchbservices.uk\/pl\/wp-content\/uploads\/2016\/06\/pz04-300x199.png 300w, https:\/\/rchbservices.uk\/pl\/wp-content\/uploads\/2016\/06\/pz04.png 634w\" sizes=\"(max-width: 300px) 100vw, 300px\" \/><\/span><\/span><strong>Limited company\u00a0(Ltd)<\/strong>, a \u015bci\u015ble m\u00f3wi\u0105c\u00a0Private company limited by shares\u00a0to odpowiednik polskiej sp\u00f3\u0142ki z o.o. Aby j\u0105 za\u0142o\u017cy\u0107 nie trzeba by\u0107 ani mieszka\u0144cem ani te\u017c rezydentem Wielkiej Brytanii. Jedyny warunek, jaki sp\u00f3\u0142ka musi spe\u0142nia\u0107 to posiada\u0107 angielski adres a wi\u0119c jej siedziba musi mie\u015bci\u0107 si\u0119 w Anglii, Szkocji b\u0105d\u017a te\u017c Walii. W jej nazwie musi pojawi\u0107 si\u0119 s\u0142owo Limited lub LTD.<\/p>\n<p style=\"text-align: justify;\">Firma posiada sw\u00f3j kapita\u0142, kt\u00f3ry jest sum\u0105 warto\u015bci udzia\u0142\u00f3w (shares) wszystkich udzia\u0142owc\u00f3w nie istnieje jednak wym\u00f3g co do minimalnej wysoko\u015bci kapita\u0142u\u00a0za\u0142o\u017cycielskiego, co jest ogromnym plusem, kt\u00f3ry ucieszy nie jednego przedsi\u0119biorc\u0119.<\/p>\n<p style=\"text-align: justify;\">Udzia\u0142owcy nie odpowiadaj\u0105 za zobowi\u0105zania firmy w\u0142asnym maj\u0105tkiem, poza udzia\u0142ami w sp\u00f3\u0142ce. Sp\u00f3\u0142k\u0119 Limited mo\u017ce za\u0142o\u017cy\u0107 tylko jedna osoba. Warunek, jaki musi spe\u0142ni\u0107 to by\u0107 zar\u00f3wno dyrektorem, jak i udzia\u0142owcem przysz\u0142ej firmy.<\/p>\n<h2>Zalety za\u0142o\u017cenia firmy limited:<\/h2>\n<h3>* Odrebno\u015b\u0107 finansowa<\/h3>\n<p style=\"text-align: justify;\">Cz\u0142onkowie (udzia\u0142owcy) firmy s\u0105 odpowiedzialni tylko do wysoko\u015bci wniesionego wk\u0142adu (kapita\u0142u). W razie problem\u00f3w finansowych firmy jedyn\u0105 strat\u0105 udzia\u0142owc\u00f3w jest kwota zap\u0142acona za akcje i ewentualne po\u017cyczki, kt\u00f3rych udzielili swojej firmie. Maj\u0105tek osobisty nie podlega \u017cadnemu ryzyku.<\/p>\n<h3>* Podatki<\/h3>\n<p style=\"text-align: justify;\">Firmy Limited posiadaj\u0105 o wiele szersz\u0105 gam\u0119 ulg oraz koszt\u00f3w, kt\u00f3re redukuj\u0105 zysk firmy, a co za tym idzie, obni\u017caj\u0105 kwot\u0119 p\u0142aconego podatku. Jednym z decyduj\u0105cych czynnik\u00f3w przy rejestracji firmy limited, jest w\u0142a\u015bnie oszcz\u0119dno\u015b\u0107 podatku.<\/p>\n<h3>* Oddzielna osobowo\u015b\u0107 prawna<\/h3>\n<p style=\"text-align: justify;\">Sp\u03cc\u0142ka limited ma osobowo\u015b\u0107 prawn\u0105 niezale\u017cn\u0105 od zarz\u0105du i cz\u0142onk\u00f3w firmy &#8211; udzia\u0142owc\u00f3w (akcjonariuszy).<\/p>\n<h3>* Profesjonalizm<\/h3>\n<p style=\"text-align: justify;\">Firma, ta znajduje si\u0119 w rejestrze tak wi\u0119c zyskuje na wiarygodno\u015bci. Ma rownie\u017c wi\u0119ksze szanse na otrzymanie po\u017cyczki ni\u017c przedsi\u0119biorstwa bez osobowo\u015bci prawnej, gdy\u017c mo\u017ce wykorzysta\u0107 bie\u017c\u0105ce aktywa jako zabezpieczenie.<\/p>\n<p style=\"text-align: justify;\"><span style=\"text-decoration: underline;\">Biuro <strong>Right Choice Bookkeeping Services<\/strong>\u00a0pomo\u017ce\u00a0Ci\u00a0otworzy\u0107\u00a0oraz poprowadzi\u00a0ksi\u0119gi\u00a0Twojej firmy Limited. Dodatkowo dla tych klient\u00f3w kt\u00f3rzy cz\u0119sto zmieniaj\u0105 adres oferujemy skorzystanie z adresu biura jako Registered Office Address.<\/span><\/p>\n<p style=\"text-align: justify;\">Posiadaj\u0105c Registered Office Address w naszym biurze masz gwarancje, \u017ce wszystkie niezb\u0119dne dokumenty dotycz\u0105ce Twojej firmy trafia bezpo\u015brednio do ksi\u0119gowego.<\/p>\n<h2>Rozliczenie podatku dla firm limited (Corporation tax)<\/h2>\n<p style=\"text-align: justify;\">Firmy Limited musz\u0105 p\u0142aci\u0107 podatek dochodowy zwany Corporation Tax dodatkowo powinny by\u0107 tak\u017ce zarejestrowane w systemie PAYE w celu op\u0142acania podatku oraz sk\u0142adek na ubezpieczenie spo\u0142eczne od swoich pracownik\u00f3w (r\u00f3wnie\u017c dyrektor\u00f3w).<\/p>\n<p style=\"text-align: justify;\">Firma limited jest r\u00f3wnie\u017c zobowi\u0105zana do sporz\u0105dzania confirmation statement (annual return). Jest to rodzaj raportu, sprawozdania zawieraj\u0105cy informacje o Twojej firmie.<\/p>\n<h3>Jako Twoja firma ksi\u0119gowa zajmiemy si\u0119:<\/h3>\n<ul>\n<li>sprawozdaniem finansowym Twojej firmy w oparciu o powszechnie przyj\u0119te normy ksi\u0119gowo\u015bci,<\/li>\n<li>przygotowaniem deklaracji podatkowej (Company Tax Return) oraz z\u0142o\u017ceniem jej do odpowiednich urz\u0119d\u00f3w, czyli HMRC oraz Companies House<\/li>\n<li>sporz\u0105dzeniem Annual Return i wys\u0142aniem go do Companies House<\/li>\n<\/ul>\n","protected":false},"excerpt":{"rendered":"<p>Limited company\u00a0(Ltd), a \u015bci\u015ble m\u00f3wi\u0105c\u00a0Private company limited by shares\u00a0to odpowiednik polskiej sp\u00f3\u0142ki z o.o. Aby j\u0105 za\u0142o\u017cy\u0107 nie trzeba by\u0107 ani mieszka\u0144cem ani te\u017c rezydentem Wielkiej Brytanii. Jedyny warunek, jaki sp\u00f3\u0142ka musi spe\u0142nia\u0107 to posiada\u0107 angielski adres a wi\u0119c jej siedziba musi mie\u015bci\u0107 si\u0119 w Anglii, Szkocji b\u0105d\u017a te\u017c Walii. W jej nazwie musi pojawi\u0107 si\u0119 s\u0142owo Limited lub LTD. Firma posiada sw\u00f3j kapita\u0142, kt\u00f3ry jest sum\u0105 warto\u015bci udzia\u0142\u00f3w (shares) wszystkich udzia\u0142owc\u00f3w nie istnieje jednak wym\u00f3g co do minimalnej wysoko\u015bci kapita\u0142u\u00a0za\u0142o\u017cycielskiego, co jest ogromnym plusem, kt\u00f3ry ucieszy nie jednego przedsi\u0119biorc\u0119. Udzia\u0142owcy nie odpowiadaj\u0105 za zobowi\u0105zania firmy w\u0142asnym maj\u0105tkiem, poza udzia\u0142ami w sp\u00f3\u0142ce. Sp\u00f3\u0142k\u0119 Limited mo\u017ce za\u0142o\u017cy\u0107 tylko jedna osoba. Warunek, jaki musi spe\u0142ni\u0107 to by\u0107 zar\u00f3wno dyrektorem, jak i udzia\u0142owcem przysz\u0142ej firmy. Zalety za\u0142o\u017cenia firmy limited: * Odrebno\u015b\u0107 finansowa Cz\u0142onkowie (udzia\u0142owcy) firmy s\u0105 odpowiedzialni tylko do wysoko\u015bci wniesionego wk\u0142adu (kapita\u0142u). W razie problem\u00f3w finansowych firmy jedyn\u0105 strat\u0105 udzia\u0142owc\u00f3w jest kwota zap\u0142acona za akcje i ewentualne po\u017cyczki, kt\u00f3rych udzielili swojej firmie. Maj\u0105tek osobisty nie podlega \u017cadnemu ryzyku. * Podatki Firmy Limited posiadaj\u0105 o wiele szersz\u0105 gam\u0119 ulg oraz koszt\u00f3w, kt\u00f3re redukuj\u0105 zysk firmy, a co za tym idzie, obni\u017caj\u0105 kwot\u0119 p\u0142aconego podatku. Jednym z decyduj\u0105cych czynnik\u00f3w przy rejestracji firmy limited, jest w\u0142a\u015bnie oszcz\u0119dno\u015b\u0107 podatku. * Oddzielna osobowo\u015b\u0107 prawna Sp\u03cc\u0142ka limited ma osobowo\u015b\u0107 prawn\u0105 niezale\u017cn\u0105 od zarz\u0105du i cz\u0142onk\u00f3w firmy &#8211; udzia\u0142owc\u00f3w (akcjonariuszy). * Profesjonalizm Firma, ta znajduje si\u0119 w rejestrze tak wi\u0119c zyskuje na wiarygodno\u015bci. Ma rownie\u017c wi\u0119ksze szanse na otrzymanie po\u017cyczki ni\u017c przedsi\u0119biorstwa bez osobowo\u015bci prawnej, gdy\u017c mo\u017ce wykorzysta\u0107 bie\u017c\u0105ce aktywa jako zabezpieczenie. Biuro Right Choice Bookkeeping Services\u00a0pomo\u017ce\u00a0Ci\u00a0otworzy\u0107\u00a0oraz poprowadzi\u00a0ksi\u0119gi\u00a0Twojej firmy Limited. Dodatkowo dla tych klient\u00f3w kt\u00f3rzy cz\u0119sto zmieniaj\u0105 adres oferujemy skorzystanie z adresu biura jako Registered Office Address. Posiadaj\u0105c Registered Office Address w naszym biurze masz gwarancje, \u017ce wszystkie niezb\u0119dne dokumenty dotycz\u0105ce Twojej firmy trafia bezpo\u015brednio do ksi\u0119gowego. Rozliczenie podatku dla firm limited (Corporation tax) Firmy Limited musz\u0105 p\u0142aci\u0107 podatek dochodowy zwany Corporation Tax dodatkowo powinny by\u0107 tak\u017ce zarejestrowane w systemie PAYE w celu op\u0142acania podatku oraz sk\u0142adek na ubezpieczenie spo\u0142eczne od swoich pracownik\u00f3w (r\u00f3wnie\u017c dyrektor\u00f3w). Firma limited jest r\u00f3wnie\u017c zobowi\u0105zana do sporz\u0105dzania confirmation statement (annual return). Jest to rodzaj raportu, sprawozdania zawieraj\u0105cy informacje o Twojej firmie. Jako Twoja firma ksi\u0119gowa zajmiemy si\u0119: sprawozdaniem finansowym Twojej firmy w oparciu o powszechnie przyj\u0119te normy ksi\u0119gowo\u015bci, przygotowaniem deklaracji podatkowej (Company Tax Return) oraz z\u0142o\u017ceniem jej do odpowiednich urz\u0119d\u00f3w, czyli HMRC oraz Companies House sporz\u0105dzeniem Annual Return i wys\u0142aniem go do Companies House<\/p>\n","protected":false},"author":3,"featured_media":0,"parent":0,"menu_order":0,"comment_status":"closed","ping_status":"closed","template":"","meta":[],"yoast_head":"<!-- This site is optimized with the Yoast SEO plugin v15.6.2 - https:\/\/yoast.com\/wordpress\/plugins\/seo\/ -->\n<title>FIRMY LIMITED &#8902; Right Choice Bookkeeping Services - Polska Ksi\u0119gowa Newcastle<\/title>\n<meta name=\"robots\" content=\"index, follow, max-snippet:-1, max-image-preview:large, max-video-preview:-1\" \/>\n<link rel=\"canonical\" href=\"https:\/\/rchbservices.uk\/pl\/firmy-limited\/\" \/>\n<meta property=\"og:locale\" content=\"pl_PL\" \/>\n<meta property=\"og:type\" content=\"article\" \/>\n<meta property=\"og:title\" content=\"FIRMY LIMITED &#8902; Right Choice Bookkeeping Services - Polska Ksi\u0119gowa Newcastle\" \/>\n<meta property=\"og:description\" content=\"Limited company\u00a0(Ltd), a \u015bci\u015ble m\u00f3wi\u0105c\u00a0Private company limited by shares\u00a0to odpowiednik polskiej sp\u00f3\u0142ki z o.o. Aby j\u0105 za\u0142o\u017cy\u0107 nie trzeba by\u0107 ani mieszka\u0144cem ani te\u017c rezydentem Wielkiej Brytanii. Jedyny warunek, jaki sp\u00f3\u0142ka musi spe\u0142nia\u0107 to posiada\u0107 angielski adres a wi\u0119c jej siedziba musi mie\u015bci\u0107 si\u0119 w Anglii, Szkocji b\u0105d\u017a te\u017c Walii. W jej nazwie musi pojawi\u0107 si\u0119 s\u0142owo Limited lub LTD. Firma posiada sw\u00f3j kapita\u0142, kt\u00f3ry jest sum\u0105 warto\u015bci udzia\u0142\u00f3w (shares) wszystkich udzia\u0142owc\u00f3w nie istnieje jednak wym\u00f3g co do minimalnej wysoko\u015bci kapita\u0142u\u00a0za\u0142o\u017cycielskiego, co jest ogromnym plusem, kt\u00f3ry ucieszy nie jednego przedsi\u0119biorc\u0119. Udzia\u0142owcy nie odpowiadaj\u0105 za zobowi\u0105zania firmy w\u0142asnym maj\u0105tkiem, poza udzia\u0142ami w sp\u00f3\u0142ce. Sp\u00f3\u0142k\u0119 Limited mo\u017ce za\u0142o\u017cy\u0107 tylko jedna osoba. Warunek, jaki musi spe\u0142ni\u0107 to by\u0107 zar\u00f3wno dyrektorem, jak i udzia\u0142owcem przysz\u0142ej firmy. Zalety za\u0142o\u017cenia firmy limited: * Odrebno\u015b\u0107 finansowa Cz\u0142onkowie (udzia\u0142owcy) firmy s\u0105 odpowiedzialni tylko do wysoko\u015bci wniesionego wk\u0142adu (kapita\u0142u). W razie problem\u00f3w finansowych firmy jedyn\u0105 strat\u0105 udzia\u0142owc\u00f3w jest kwota zap\u0142acona za akcje i ewentualne po\u017cyczki, kt\u00f3rych udzielili swojej firmie. Maj\u0105tek osobisty nie podlega \u017cadnemu ryzyku. * Podatki Firmy Limited posiadaj\u0105 o wiele szersz\u0105 gam\u0119 ulg oraz koszt\u00f3w, kt\u00f3re redukuj\u0105 zysk firmy, a co za tym idzie, obni\u017caj\u0105 kwot\u0119 p\u0142aconego podatku. Jednym z decyduj\u0105cych czynnik\u00f3w przy rejestracji firmy limited, jest w\u0142a\u015bnie oszcz\u0119dno\u015b\u0107 podatku. * Oddzielna osobowo\u015b\u0107 prawna Sp\u03cc\u0142ka limited ma osobowo\u015b\u0107 prawn\u0105 niezale\u017cn\u0105 od zarz\u0105du i cz\u0142onk\u00f3w firmy &#8211; udzia\u0142owc\u00f3w (akcjonariuszy). * Profesjonalizm Firma, ta znajduje si\u0119 w rejestrze tak wi\u0119c zyskuje na wiarygodno\u015bci. Ma rownie\u017c wi\u0119ksze szanse na otrzymanie po\u017cyczki ni\u017c przedsi\u0119biorstwa bez osobowo\u015bci prawnej, gdy\u017c mo\u017ce wykorzysta\u0107 bie\u017c\u0105ce aktywa jako zabezpieczenie. Biuro Right Choice Bookkeeping Services\u00a0pomo\u017ce\u00a0Ci\u00a0otworzy\u0107\u00a0oraz poprowadzi\u00a0ksi\u0119gi\u00a0Twojej firmy Limited. Dodatkowo dla tych klient\u00f3w kt\u00f3rzy cz\u0119sto zmieniaj\u0105 adres oferujemy skorzystanie z adresu biura jako Registered Office Address. Posiadaj\u0105c Registered Office Address w naszym biurze masz gwarancje, \u017ce wszystkie niezb\u0119dne dokumenty dotycz\u0105ce Twojej firmy trafia bezpo\u015brednio do ksi\u0119gowego. Rozliczenie podatku dla firm limited (Corporation tax) Firmy Limited musz\u0105 p\u0142aci\u0107 podatek dochodowy zwany Corporation Tax dodatkowo powinny by\u0107 tak\u017ce zarejestrowane w systemie PAYE w celu op\u0142acania podatku oraz sk\u0142adek na ubezpieczenie spo\u0142eczne od swoich pracownik\u00f3w (r\u00f3wnie\u017c dyrektor\u00f3w). Firma limited jest r\u00f3wnie\u017c zobowi\u0105zana do sporz\u0105dzania confirmation statement (annual return). Jest to rodzaj raportu, sprawozdania zawieraj\u0105cy informacje o Twojej firmie. Jako Twoja firma ksi\u0119gowa zajmiemy si\u0119: sprawozdaniem finansowym Twojej firmy w oparciu o powszechnie przyj\u0119te normy ksi\u0119gowo\u015bci, przygotowaniem deklaracji podatkowej (Company Tax Return) oraz z\u0142o\u017ceniem jej do odpowiednich urz\u0119d\u00f3w, czyli HMRC oraz Companies House sporz\u0105dzeniem Annual Return i wys\u0142aniem go do Companies House\" \/>\n<meta property=\"og:url\" content=\"https:\/\/rchbservices.uk\/pl\/firmy-limited\/\" \/>\n<meta property=\"og:site_name\" content=\"Right Choice Bookkeeping Services - Polska Ksi\u0119gowa Newcastle\" \/>\n<meta property=\"article:publisher\" content=\"https:\/\/www.facebook.com\/rchbservices.uk\/\" \/>\n<meta property=\"article:modified_time\" content=\"2018-08-30T21:50:01+00:00\" \/>\n<meta property=\"og:image\" content=\"https:\/\/rchbservices.uk\/pl\/wp-content\/uploads\/2016\/06\/pz04-300x199.png\" \/>\n<meta name=\"twitter:card\" content=\"summary\" \/>\n<meta name=\"twitter:label1\" content=\"Est. reading time\">\n\t<meta name=\"twitter:data1\" content=\"3 minuty\">\n<script type=\"application\/ld+json\" class=\"yoast-schema-graph\">{\"@context\":\"https:\/\/schema.org\",\"@graph\":[{\"@type\":\"WebSite\",\"@id\":\"https:\/\/rchbservices.uk\/pl\/#website\",\"url\":\"https:\/\/rchbservices.uk\/pl\/\",\"name\":\"Right Choice Bookkeeping Services - Polska Ksi\\u0119gowa Newcastle\",\"description\":\"Right Choice Bookkeeping Services to polskie w Newcastle biuro rachunkowe oferuj\\u0105ce pe\\u0142en zakres us\\u0142ug ksi\\u0119gowych. Jeste\\u015bmy autoryzowanym agentem HMRC \\u2013 angielskiego urz\\u0119du skarbowego; nasza dzia\\u0142alno\\u015b\\u0107 jest w pe\\u0142ni ubezpieczona daj\\u0105c ochron\\u0119 naszym klientom; spe\\u0142niamy wymogi dotycz\\u0105ce ochrony danych osobowych obowi\\u0105zujacych w UK. Naszymi klientami s\\u0105 ma\\u0142e i \\u015brednie firmy z ca\\u0142ej Anglii, kt\\u00f3rzy reprezentuj\\u0105 szerokie spektrum dzia\\u0142alno\\u015bci gospodarczej.\",\"potentialAction\":[{\"@type\":\"SearchAction\",\"target\":\"https:\/\/rchbservices.uk\/pl\/?s={search_term_string}\",\"query-input\":\"required name=search_term_string\"}],\"inLanguage\":\"pl-PL\"},{\"@type\":\"ImageObject\",\"@id\":\"https:\/\/rchbservices.uk\/pl\/firmy-limited\/#primaryimage\",\"inLanguage\":\"pl-PL\",\"url\":\"https:\/\/rchbservices.uk\/pl\/wp-content\/uploads\/2016\/06\/pz04.png\",\"width\":634,\"height\":421},{\"@type\":\"WebPage\",\"@id\":\"https:\/\/rchbservices.uk\/pl\/firmy-limited\/#webpage\",\"url\":\"https:\/\/rchbservices.uk\/pl\/firmy-limited\/\",\"name\":\"FIRMY LIMITED &#8902; Right Choice Bookkeeping Services - Polska Ksi\\u0119gowa Newcastle\",\"isPartOf\":{\"@id\":\"https:\/\/rchbservices.uk\/pl\/#website\"},\"primaryImageOfPage\":{\"@id\":\"https:\/\/rchbservices.uk\/pl\/firmy-limited\/#primaryimage\"},\"datePublished\":\"2016-06-26T11:21:17+00:00\",\"dateModified\":\"2018-08-30T21:50:01+00:00\",\"inLanguage\":\"pl-PL\",\"potentialAction\":[{\"@type\":\"ReadAction\",\"target\":[\"https:\/\/rchbservices.uk\/pl\/firmy-limited\/\"]}]}]}<\/script>\n<!-- \/ Yoast SEO plugin. -->","_links":{"self":[{"href":"https:\/\/rchbservices.uk\/pl\/wp-json\/wp\/v2\/pages\/47"}],"collection":[{"href":"https:\/\/rchbservices.uk\/pl\/wp-json\/wp\/v2\/pages"}],"about":[{"href":"https:\/\/rchbservices.uk\/pl\/wp-json\/wp\/v2\/types\/page"}],"author":[{"embeddable":true,"href":"https:\/\/rchbservices.uk\/pl\/wp-json\/wp\/v2\/users\/3"}],"replies":[{"embeddable":true,"href":"https:\/\/rchbservices.uk\/pl\/wp-json\/wp\/v2\/comments?post=47"}],"version-history":[{"count":11,"href":"https:\/\/rchbservices.uk\/pl\/wp-json\/wp\/v2\/pages\/47\/revisions"}],"predecessor-version":[{"id":320,"href":"https:\/\/rchbservices.uk\/pl\/wp-json\/wp\/v2\/pages\/47\/revisions\/320"}],"wp:attachment":[{"href":"https:\/\/rchbservices.uk\/pl\/wp-json\/wp\/v2\/media?parent=47"}],"curies":[{"name":"wp","href":"https:\/\/api.w.org\/{rel}","templated":true}]}}